{"id":3265,"date":"2024-09-16T18:00:15","date_gmt":"2024-09-16T18:00:15","guid":{"rendered":"https:\/\/southpf.es\/datenschutzbestimmungen\/"},"modified":"2025-03-27T13:36:30","modified_gmt":"2025-03-27T13:36:30","slug":"datenschutzbestimmungen","status":"publish","type":"page","link":"https:\/\/southpf.es\/de\/datenschutzbestimmungen\/","title":{"rendered":"Datenschutzbestimmungen"},"content":{"rendered":"\t\t<div data-elementor-type=\"wp-page\" data-elementor-id=\"3265\" class=\"elementor elementor-3265 elementor-3\" data-elementor-post-type=\"page\">\n\t\t\t\t<div class=\"elementor-element elementor-element-29a5bf4e e-flex e-con-boxed e-con e-parent\" data-id=\"29a5bf4e\" data-element_type=\"container\" data-e-type=\"container\">\n\t\t\t\t\t<div class=\"e-con-inner\">\n\t\t\t\t<div class=\"elementor-element elementor-element-75b254a2 elementor-widget elementor-widget-text-editor\" data-id=\"75b254a2\" data-element_type=\"widget\" data-e-type=\"widget\" data-widget_type=\"text-editor.default\">\n\t\t\t\t<div class=\"elementor-widget-container\">\n\t\t\t\t\t\t\t\t\t<p><\/p>\n<h3>I.<b> DATENSCHUTZ UND DATENSCHUTZPOLITIK<\/b><\/h3>\n<p><span style=\"font-weight: 400;\">  In \u00dcbereinstimmung mit den Bestimmungen der geltenden Gesetzgebung verpflichtet sich<strong> SOUTH PACIFIC FISH SL<\/strong> (im Folgenden auch Website), die notwendigen technischen und organisatorischen Ma\u00dfnahmen zu ergreifen, die dem Risiko der erhobenen Daten angemessen sind.<\/span><\/p>\n<p> <\/p>\n<p><b style=\"color: inherit; font-family: inherit; text-align: var(--text-align); font-size: 1.5rem;\">Gesetze, die in dieser Datenschutzrichtlinie enthalten sind.<\/b><\/p>\n<p><span style=\"font-weight: 400;\">Diese Datenschutzerkl\u00e4rung ist an die aktuelle spanische und europ\u00e4ische Gesetzgebung zum Schutz pers\u00f6nlicher Daten im Internet angepasst. Sie beachtet insbesondere die folgenden Regeln: <\/span><\/p>\n<ul>\n<li style=\"font-weight: 400;\" aria-level=\"1\"><span style=\"font-weight: 400;\">Verordnung (EU) 2016\/679 des Europ\u00e4ischen Parlaments und des Rates vom 27. April 2016 zum Schutz nat\u00fcrlicher Personen bei der Verarbeitung personenbezogener Daten und zum freien Datenverkehr (GDPR).<\/span><\/li>\n<li style=\"font-weight: 400;\" aria-level=\"1\"><span style=\"font-weight: 400;\">Organgesetz 3\/2018 vom 5. Dezember \u00fcber den Schutz personenbezogener Daten und die Garantie der digitalen Rechte (LOPD-GDD).<\/span><\/li>\n<li style=\"font-weight: 400;\" aria-level=\"1\"><span style=\"font-weight: 400;\">K\u00f6niglicher Erlass 1720\/2007 vom 21. Dezember zur Verabschiedung der Verordnung zur Durchf\u00fchrung des Organgesetzes 15\/1999 vom 13. Dezember \u00fcber den Schutz personenbezogener Daten (RDLOPD).<\/span><\/li>\n<li style=\"font-weight: 400;\" aria-level=\"1\"><span style=\"font-weight: 400;\">Gesetz 34\/2002, vom 11. Juli, \u00fcber die Dienste der Informationsgesellschaft und den elektronischen Handel (LSSI-CE).<\/span><\/li>\n<\/ul>\n<div> <\/div>\n<div><b style=\"color: inherit; font-family: inherit; font-size: 1.5rem; text-align: var(--text-align);\"> <\/b><\/div>\n<div><b style=\"color: inherit; font-family: inherit; font-size: 1.5rem; text-align: var(--text-align);\">Identit\u00e4t des f\u00fcr die Verarbeitung der personenbezogenen Daten Verantwortlichen.<\/b><\/div>\n<p><span style=\"font-weight: 400;\">  Der Verantwortliche f\u00fcr die Verarbeitung der in SOUTH PACIFIC FISH SL. erhobenen personenbezogenen Daten ist: SOUTH PACIFIC FISH SL. mit NIF\/CIF: B93011583 und eingetragen in: mit den folgenden Registerdaten: SOUTH PACIFIC FISH SL, dessen Vertreter ist: SOUTH PACIFIC FISH SL (im Folgenden der f\u00fcr die Datenverarbeitung Verantwortliche). Seine Kontaktdaten lauten wie folgt:<\/span><\/p>\n<ul>\n<li><span style=\"font-weight: 400;\">Adresse: AVENIDA CARMEN SAENZ DE TEJADA, S\/N MIJAS, 29651<\/span><\/li>\n<li><span style=\"font-weight: 400;\">Kontakt-Telefonnummer: +34 95267000<\/span><\/li>\n<li><span style=\"font-weight: 400;\">Kontakt E-Mail: m@southpf.es<\/span><\/li>\n<\/ul>\n<h4><b style=\"color: inherit; font-family: inherit; font-size: 1.5rem; text-align: var(--text-align);\"> <\/b><\/h4>\n<h4><b style=\"color: inherit; font-family: inherit; font-size: 1.5rem; text-align: var(--text-align);\">Register der pers\u00f6nlichen Daten.<\/b><\/h4>\n<p><span style=\"font-weight: 400;\">In \u00dcbereinstimmung mit den Bestimmungen der RGPD und der LOPD-GDD informieren wir Sie dar\u00fcber, dass die von SOUTH PACIFIC FISH SL. \u00fcber die auf ihren Seiten bereitgestellten Formulare erhobenen personenbezogenen Daten in unsere Datei aufgenommen und verarbeitet werden, um die zwischen SOUTH PACIFIC FISH SL. und dem Nutzer eingegangenen Verpflichtungen zu erleichtern, zu beschleunigen und zu erf\u00fcllen oder um die in den vom Nutzer ausgef\u00fcllten Formularen festgelegte Beziehung aufrechtzuerhalten oder um auf eine Anfrage oder Anfrage des Nutzers zu antworten. Ebenso wird gem\u00e4\u00df den Bestimmungen der RGPD und der LOPD-GDD, sofern nicht die in Artikel 30.5 der RGPD vorgesehene Ausnahme zutrifft, ein Verzeichnis der Verarbeitungst\u00e4tigkeiten gef\u00fchrt, in dem je nach Zweck die durchgef\u00fchrten Verarbeitungst\u00e4tigkeiten und die anderen in der RGPD festgelegten Umst\u00e4nde aufgef\u00fchrt sind.<\/span><\/p>\n<p> <\/p>\n<h4><b>Grunds\u00e4tze f\u00fcr die Verarbeitung von personenbezogenen Daten<\/b><\/h4>\n<p><span style=\"font-weight: 400;\">Die Verarbeitung der personenbezogenen Daten des Benutzers unterliegt den folgenden Grunds\u00e4tzen, die in Artikel 5 der RGPD und in Artikel 4 und folgende des Organgesetzes 3\/2018 vom 5. Dezember \u00fcber den Schutz personenbezogener Daten und die Gew\u00e4hrleistung digitaler Rechte festgelegt sind:<\/span><\/p>\n<ul>\n<li style=\"font-weight: 400;\" aria-level=\"1\"><span style=\"font-weight: 400;\">Grundsatz der Rechtm\u00e4\u00dfigkeit, Fairness und Transparenz: Die Zustimmung des Nutzers ist jederzeit nach vollst\u00e4ndiger und transparenter Information \u00fcber die Zwecke, f\u00fcr die die personenbezogenen Daten erhoben werden, erforderlich.<\/span><\/li>\n<li style=\"font-weight: 400;\" aria-level=\"1\"><span style=\"font-weight: 400;\">Grundsatz der Zweckbindung: Personenbezogene Daten werden f\u00fcr festgelegte, eindeutige und rechtm\u00e4\u00dfige Zwecke erhoben.<\/span><\/li>\n<li style=\"font-weight: 400;\" aria-level=\"1\"><span style=\"font-weight: 400;\">Grundsatz der Datenminimierung: Es werden nur die personenbezogenen Daten erhoben, die f\u00fcr die Zwecke, f\u00fcr die sie verarbeitet werden, unbedingt erforderlich sind.<\/span><\/li>\n<li style=\"font-weight: 400;\" aria-level=\"1\"><span style=\"font-weight: 400;\">Grundsatz der Richtigkeit: Personenbezogene Daten m\u00fcssen richtig und stets aktuell sein.<\/span><\/li>\n<li style=\"font-weight: 400;\" aria-level=\"1\"><span style=\"font-weight: 400;\">Grundsatz der Begrenzung der Speicherdauer: Personenbezogene Daten werden nur in einer Form aufbewahrt, die die Identifizierung des Nutzers f\u00fcr den Zeitraum erm\u00f6glicht, der f\u00fcr die Zwecke ihrer Verarbeitung erforderlich ist.<\/span><\/li>\n<li style=\"font-weight: 400;\" aria-level=\"1\"><span style=\"font-weight: 400;\">Grundsatz der Integrit\u00e4t und Vertraulichkeit: Personenbezogene Daten werden in einer Weise verarbeitet, die ihre Sicherheit und Vertraulichkeit gew\u00e4hrleistet.<\/span><\/li>\n<li style=\"font-weight: 400;\" aria-level=\"1\"><span style=\"font-weight: 400;\">Grundsatz der proaktiven Rechenschaftspflicht: Der Controller ist daf\u00fcr verantwortlich, dass die oben genannten Grunds\u00e4tze eingehalten werden.<\/span><\/li>\n<\/ul>\n<h4><b> <\/b><\/h4>\n<h4><b>Kategorien von personenbezogenen Daten<\/b><\/h4>\n<p><span style=\"font-weight: 400;\">Die von SOUTH PACIFIC FISH SL. verarbeiteten Datenkategorien sind ausschlie\u00dflich Identifikationsdaten. Unter keinen Umst\u00e4nden werden besondere Kategorien personenbezogener Daten im Sinne von Artikel 9 der Datenschutz-Grundverordnung verarbeitet.  <\/span><\/p>\n<p> <\/p>\n<h4><b>Rechtsgrundlage f\u00fcr die Verarbeitung von personenbezogenen Daten<\/b><\/h4>\n<p><span style=\"font-weight: 400;\">Die Rechtsgrundlage f\u00fcr die Verarbeitung personenbezogener Daten ist die Einwilligung. SOUTH PACIFIC FISH SL. verpflichtet sich, die ausdr\u00fcckliche und \u00fcberpr\u00fcfbare Zustimmung des Nutzers zur Verarbeitung seiner personenbezogenen Daten f\u00fcr einen oder mehrere bestimmte Zwecke einzuholen.  <\/span><\/p>\n<p><span style=\"font-weight: 400;\">Der Nutzer hat das Recht, seine Zustimmung jederzeit zu widerrufen. Der Widerruf der Zustimmung ist ebenso einfach wie die Erteilung der Zustimmung. In der Regel wird die Nutzung der Website durch den Widerruf der Zustimmung nicht eingeschr\u00e4nkt.  <\/span><\/p>\n<p><span style=\"font-weight: 400;\">In den F\u00e4llen, in denen der Benutzer seine Daten \u00fcber Formulare angeben muss oder kann, um Anfragen zu stellen, Informationen anzufordern oder aus Gr\u00fcnden, die mit dem Inhalt der Website zusammenh\u00e4ngen, wird er dar\u00fcber informiert, wenn das Ausf\u00fcllen eines dieser Formulare obligatorisch ist, weil es f\u00fcr die korrekte Abwicklung der durchgef\u00fchrten Operation unerl\u00e4sslich ist.<\/span><\/p>\n<p> <\/p>\n<h4><b>Zwecke der Verarbeitung, f\u00fcr die die personenbezogenen Daten verwendet werden<\/b><\/h4>\n<p><span style=\"font-weight: 400;\">Die pers\u00f6nlichen Daten werden von SOUTH PACIFIC FISH SL. gesammelt und verwaltet, um die zwischen der Website und dem Benutzer eingegangenen Verpflichtungen zu erleichtern, zu beschleunigen und zu erf\u00fcllen oder um die Beziehung aufrechtzuerhalten, die in den vom Benutzer ausgef\u00fcllten Formularen hergestellt wurde, oder um eine Anfrage oder Anfrage zu bearbeiten. <\/span><\/p>\n<p><span style=\"font-weight: 400;\">Ebenso k\u00f6nnen die Daten f\u00fcr kommerzielle, personalisierte, betriebliche und statistische Zwecke sowie f\u00fcr Aktivit\u00e4ten verwendet werden, die Teil des Unternehmenszwecks von SOUTH PACIFIC FISH SL sind, sowie f\u00fcr die Gewinnung und Speicherung von Daten und Marketingstudien zur Anpassung der dem Nutzer angebotenen Inhalte sowie zur Verbesserung der Qualit\u00e4t, des Betriebs und der Navigation der Website.<\/span><\/p>\n<p><span style=\"font-weight: 400;\">Zum Zeitpunkt der Erhebung der personenbezogenen Daten wird der Nutzer \u00fcber den\/die spezifischen Zweck(e) der Verarbeitung informiert, f\u00fcr den\/die die personenbezogenen Daten verwendet werden, d.h. die Verwendung(en), f\u00fcr die die gesammelten Informationen verwendet werden.<\/span><\/p>\n<p> <\/p>\n<h4><b>Aufbewahrungsfristen f\u00fcr personenbezogene Daten<\/b><\/h4>\n<p><span style=\"font-weight: 400;\">Personenbezogene Daten werden nur so lange aufbewahrt, wie es f\u00fcr die Zwecke ihrer Verarbeitung erforderlich ist, und in jedem Fall nur f\u00fcr den folgenden Zeitraum: 18 Monate oder bis der Nutzer ihre L\u00f6schung beantragt.<\/span><\/p>\n<p><span style=\"font-weight: 400;\">Zum Zeitpunkt der Erhebung der personenbezogenen Daten wird der Nutzer \u00fcber den Zeitraum informiert, f\u00fcr den die personenbezogenen Daten aufbewahrt werden, oder, falls dies nicht m\u00f6glich ist, \u00fcber die Kriterien, nach denen dieser Zeitraum bestimmt wird.<\/span><\/p>\n<p> <\/p>\n<h4><b>Empf\u00e4nger von pers\u00f6nlichen Daten<\/b><\/h4>\n<p><span style=\"font-weight: 400;\">Die personenbezogenen Daten des Nutzers werden an die folgenden Empf\u00e4nger oder Kategorien von Empf\u00e4ngern weitergegeben:<\/span><\/p>\n<ul>\n<li><span style=\"font-weight: 400;\">Google Analytics<\/span><\/li>\n<li><span style=\"font-weight: 400;\">Google Suchkonsole<\/span><\/li>\n<\/ul>\n<p><span style=\"font-weight: 400;\"> <\/span><\/p>\n<p><span style=\"font-weight: 400;\">Falls der f\u00fcr die Verarbeitung Verantwortliche beabsichtigt, personenbezogene Daten an ein Drittland oder eine internationale Organisation zu \u00fcbermitteln, wird der Nutzer zum Zeitpunkt der Erhebung der personenbezogenen Daten \u00fcber das Drittland oder die internationale Organisation, an das\/die die Daten \u00fcbermittelt werden sollen, sowie \u00fcber das Vorhandensein oder Nichtvorhandensein eines Angemessenheitsbeschlusses der Kommission informiert.<\/span><\/p>\n<h4> <\/h4>\n<h4><b style=\"color: inherit; font-family: inherit; font-size: 1.5rem; text-align: var(--text-align);\">Pers\u00f6nliche Daten von Minderj\u00e4hrigen<\/b><\/h4>\n<p><span style=\"font-weight: 400;\">Gem\u00e4\u00df den Bestimmungen von Artikel 8 der RGPD und Artikel 7 des Organgesetzes 3\/2018 vom 5. Dezember \u00fcber den Schutz personenbezogener Daten und die Gew\u00e4hrleistung digitaler Rechte k\u00f6nnen nur Personen \u00fcber 14 Jahren ihre Zustimmung zur rechtm\u00e4\u00dfigen Verarbeitung ihrer personenbezogenen Daten durch SOUTH PACIFIC FISH SL. geben. Bei Minderj\u00e4hrigen unter 14 Jahren ist die Zustimmung der Eltern oder des Vormunds f\u00fcr die Verarbeitung erforderlich, und diese wird nur dann als rechtm\u00e4\u00dfig angesehen, wenn sie sie genehmigt haben.<\/span><\/p>\n<h4> <\/h4>\n<h4><b>Geheimhaltung und Sicherheit von pers\u00f6nlichen Daten<\/b><\/h4>\n<p><span style=\"font-weight: 400;\">SOUTH PACIFIC FISH SL. verpflichtet sich, die notwendigen technischen und organisatorischen Ma\u00dfnahmen zu ergreifen, die dem Risiko der erhobenen Daten angemessen sind, um die Sicherheit der personenbezogenen Daten zu gew\u00e4hrleisten und die versehentliche oder unrechtm\u00e4\u00dfige Zerst\u00f6rung, den Verlust oder die Ver\u00e4nderung der \u00fcbermittelten, gespeicherten oder anderweitig verarbeiteten personenbezogenen Daten sowie die unbefugte Weitergabe oder den unbefugten Zugriff auf diese Daten zu verhindern. <\/span><\/p>\n<p><span style=\"font-weight: 400;\">Die Website verf\u00fcgt \u00fcber ein SSL-Zertifikat (Secure Socket Layer), das gew\u00e4hrleistet, dass personenbezogene Daten sicher und vertraulich \u00fcbertragen werden, da die \u00dcbertragung der Daten zwischen dem Server und dem Benutzer und im Gegenzug vollst\u00e4ndig verschl\u00fcsselt oder verschl\u00fcsselt wird.<\/span><\/p>\n<p><span style=\"font-weight: 400;\">Da SOUTH PACIFIC FISH SL. jedoch weder die Uneinnehmbarkeit des Internets noch die v\u00f6llige Abwesenheit von Hackern oder anderen Personen, die in betr\u00fcgerischer Absicht auf personenbezogene Daten zugreifen, garantieren kann, verpflichtet sich der f\u00fcr die Verarbeitung Verantwortliche, den Nutzer unverz\u00fcglich zu benachrichtigen, wenn eine Verletzung der Sicherheit personenbezogener Daten auftritt, die wahrscheinlich ein hohes Risiko f\u00fcr die Rechte und Freiheiten nat\u00fcrlicher Personen darstellt. Gem\u00e4\u00df Artikel 4 der DSGVO bedeutet eine Verletzung der Sicherheit personenbezogener Daten jede Verletzung der Sicherheit, die zur versehentlichen oder unrechtm\u00e4\u00dfigen Zerst\u00f6rung, zum Verlust oder zur Ver\u00e4nderung der \u00fcbermittelten, gespeicherten oder anderweitig verarbeiteten personenbezogenen Daten oder zur unbefugten Weitergabe dieser Daten oder zum unbefugten Zugriff auf diese Daten f\u00fchrt.  <\/span><\/p>\n<p><span style=\"font-weight: 400;\">Personenbezogene Daten werden vom Data Controller vertraulich behandelt, der sich verpflichtet, seine Mitarbeiter, Partner und alle anderen Personen, denen er die Informationen zug\u00e4nglich macht, dar\u00fcber zu informieren und durch eine gesetzliche oder vertragliche Verpflichtung sicherzustellen, dass diese Vertraulichkeit gewahrt bleibt.<\/span><\/p>\n<h4> <\/h4>\n<h4><b>Rechte, die sich aus der Verarbeitung von personenbezogenen Daten ergeben<\/b><\/h4>\n<p><span style=\"font-weight: 400;\">Der Nutzer hat gegen\u00fcber SOUTH PACIFIC FISH SL. die folgenden Rechte, die in der RGPD und dem Organgesetz 3\/2018 vom 5. Dezember \u00fcber den Schutz personenbezogener Daten und die Gew\u00e4hrleistung digitaler Rechte anerkannt sind, und kann diese daher gegen\u00fcber dem Datenverantwortlichen geltend machen: <\/span><\/p>\n<ul>\n<li style=\"font-weight: 400;\" aria-level=\"1\"><i><span style=\"font-weight: 400;\">Recht auf Zugang:<\/span><\/i><span style=\"font-weight: 400;\">  Dies ist das Recht des Nutzers, eine Best\u00e4tigung dar\u00fcber zu erhalten, ob SOUTH PACIFIC FISH SL. seine pers\u00f6nlichen Daten verarbeitet oder nicht, und wenn ja, Informationen \u00fcber seine spezifischen pers\u00f6nlichen Daten und die Verarbeitung zu erhalten, die SOUTH PACIFIC FISH SL. durchgef\u00fchrt hat oder durchf\u00fchrt, sowie unter anderem die verf\u00fcgbaren Informationen \u00fcber die Herkunft dieser Daten und die Empf\u00e4nger der f\u00fcr diese Daten gemachten oder geplanten Mitteilungen.  <\/span><\/li>\n<li style=\"font-weight: 400;\" aria-level=\"1\"><i><span style=\"font-weight: 400;\">Recht auf Berichtigung:<\/span><\/i><span style=\"font-weight: 400;\"> Dies ist das Recht des Nutzers, seine personenbezogenen Daten \u00e4ndern zu lassen, wenn sie sich als unrichtig oder im Hinblick auf den Zweck der Verarbeitung als unvollst\u00e4ndig erweisen.<\/span><\/li>\n<li style=\"font-weight: 400;\" aria-level=\"1\"><i><span style=\"font-weight: 400;\">Recht auf L\u00f6schung (&#8222;das Recht auf Vergessenwerden&#8220;):<\/span><\/i><span style=\"font-weight: 400;\">  Dies ist das Recht des Nutzers, sofern gesetzlich nicht anders vorgesehen, die L\u00f6schung seiner personenbezogenen Daten zu erwirken, wenn sie f\u00fcr die Zwecke, f\u00fcr die sie erhoben oder verarbeitet wurden, nicht mehr erforderlich sind; der Nutzer seine Zustimmung zur Verarbeitung zur\u00fcckgezogen hat und es keine andere rechtm\u00e4\u00dfige Grundlage f\u00fcr die Verarbeitung gibt; der Nutzer widerspricht der Verarbeitung und es gibt keinen anderen rechtm\u00e4\u00dfigen Grund, die Verarbeitung fortzusetzen; die personenbezogenen Daten wurden unrechtm\u00e4\u00dfig verarbeitet; die personenbezogenen Daten m\u00fcssen aufgrund einer gesetzlichen Verpflichtung gel\u00f6scht werden; oder die personenbezogenen Daten wurden als Ergebnis eines Direktangebots von Diensten der Informationsgesellschaft an eine Person unter 14 Jahren erlangt. Zus\u00e4tzlich zur L\u00f6schung ergreift der f\u00fcr die Verarbeitung Verantwortliche unter Ber\u00fccksichtigung der verf\u00fcgbaren Technologie und der Kosten ihrer Umsetzung angemessene Ma\u00dfnahmen, um die f\u00fcr die Verarbeitung Verantwortlichen, die die personenbezogenen Daten verarbeiten, \u00fcber den Antrag der betroffenen Person auf L\u00f6schung jeder Verkn\u00fcpfung mit diesen personenbezogenen Daten zu informieren. <\/span><\/li>\n<li style=\"font-weight: 400;\" aria-level=\"1\"><i><span style=\"font-weight: 400;\">Recht auf Einschr\u00e4nkung der Verarbeitung:<\/span><\/i><span style=\"font-weight: 400;\">  Dies ist das Recht des Nutzers, die Verarbeitung seiner personenbezogenen Daten einzuschr\u00e4nken. Der Nutzer hat das Recht, die Einschr\u00e4nkung der Verarbeitung zu erwirken, wenn er die Richtigkeit seiner personenbezogenen Daten bestreitet, die Verarbeitung unrechtm\u00e4\u00dfig ist, der f\u00fcr die Verarbeitung Verantwortliche die personenbezogenen Daten nicht mehr ben\u00f6tigt, der Nutzer sie aber zur Geltendmachung von Anspr\u00fcchen ben\u00f6tigt, und wenn der Nutzer der Verarbeitung widersprochen hat. <\/span><\/li>\n<li style=\"font-weight: 400;\" aria-level=\"1\"><i><span style=\"font-weight: 400;\">Recht auf Daten\u00fcbertragbarkeit:<\/span><\/i><span style=\"font-weight: 400;\">  Im Falle einer automatisierten Verarbeitung hat der Nutzer das Recht, von dem f\u00fcr die Verarbeitung Verantwortlichen seine personenbezogenen Daten in einem strukturierten, g\u00e4ngigen und maschinenlesbaren Format zu erhalten und sie an einen anderen f\u00fcr die Verarbeitung Verantwortlichen zu \u00fcbermitteln. Soweit dies technisch m\u00f6glich ist, \u00fcbermittelt der f\u00fcr die Verarbeitung Verantwortliche die Daten direkt an diesen anderen f\u00fcr die Verarbeitung Verantwortlichen. <\/span><\/li>\n<li style=\"font-weight: 400;\" aria-level=\"1\"><i><span style=\"font-weight: 400;\">Recht auf Widerspruch:<\/span><\/i><span style=\"font-weight: 400;\"> Dies ist das Recht des Nutzers, die Verarbeitung seiner personenbezogenen Daten zu verweigern oder die Verarbeitung dieser Daten durch SOUTH PACIFIC FISH SL. zu beenden.<\/span><\/li>\n<li style=\"font-weight: 400;\" aria-level=\"1\"><i><span style=\"font-weight: 400;\">Das Recht, nicht einer Entscheidung unterworfen zu werden, die ausschlie\u00dflich auf einer automatisierten Verarbeitung, einschlie\u00dflich Profiling, beruht:<\/span><\/i><span style=\"font-weight: 400;\"> Dies ist das Recht des Nutzers, keiner individualisierten Entscheidung unterworfen zu werden, die ausschlie\u00dflich auf einer automatisierten Verarbeitung seiner personenbezogenen Daten beruht, einschlie\u00dflich Profiling, sofern dies nicht gesetzlich anders vorgesehen ist.<\/span><\/li>\n<\/ul>\n<div> <\/div>\n<p><span style=\"font-weight: 400;\">Daher kann der Nutzer seine Rechte durch eine schriftliche Mitteilung an den f\u00fcr die Datenverarbeitung Verantwortlichen mit der Referenz &#8222;RGPD-https:\/\/southpf.es\/&#8220; aus\u00fcben, in der er Folgendes angibt:<\/span><\/p>\n<ul>\n<li style=\"font-weight: 400;\" aria-level=\"1\"><span style=\"font-weight: 400;\">Name, Nachname(n) des Nutzers und Kopie des Personalausweises. In den F\u00e4llen, in denen eine Vertretung zul\u00e4ssig ist, muss auch die Person, die den Nutzer vertritt, mit denselben Mitteln identifiziert werden, ebenso wie das Dokument, das die Vertretung best\u00e4tigt. Die Fotokopie des Personalausweises kann durch jedes andere rechtsg\u00fcltige Mittel ersetzt werden, mit dem die Identit\u00e4t nachgewiesen werden kann.  <\/span><\/li>\n<li style=\"font-weight: 400;\" aria-level=\"1\"><span style=\"font-weight: 400;\">Anfrage mit spezifischen Gr\u00fcnden f\u00fcr die Anfrage oder die Informationen, auf die zugegriffen werden soll.<\/span><\/li>\n<li style=\"font-weight: 400;\" aria-level=\"1\"><span style=\"font-weight: 400;\">Adresse zum Zweck der Benachrichtigung.<\/span><\/li>\n<li style=\"font-weight: 400;\" aria-level=\"1\"><span style=\"font-weight: 400;\">Datum und Unterschrift des Antragstellers.<\/span><\/li>\n<li style=\"font-weight: 400;\" aria-level=\"1\"><span style=\"font-weight: 400;\">Jedes Dokument, das Ihren Antrag unterst\u00fctzt.<\/span><\/li>\n<\/ul>\n<p><span style=\"font-weight: 400;\"> <\/span><\/p>\n<p><span style=\"font-weight: 400;\">Diese Bewerbung und alle Begleitdokumente k\u00f6nnen an die folgende Adresse und\/oder E-Mail-Adresse geschickt werden:<\/span><\/p>\n<ul>\n<li><span style=\"font-weight: 400;\">Postanschrift: AVENIDA CARMEN SAENZ DE TEJADA, S\/N MIJAS, 29651<\/span><\/li>\n<li><span style=\"font-weight: 400;\">E-Mail: m@southpf.es<\/span><\/li>\n<\/ul>\n<div> <\/div>\n<h4><b>Links zu Websites von Dritten<\/b><\/h4>\n<p><span style=\"font-weight: 400;\">Die Website kann Hyperlinks oder Links enthalten, die den Zugang zu anderen Websites als SOUTH PACIFIC FISH SL erm\u00f6glichen und die daher nicht von SOUTH PACIFIC FISH SL betrieben werden. Die Eigent\u00fcmer dieser Websites haben ihre eigenen Datenschutzrichtlinien und sind in jedem Fall selbst f\u00fcr ihre eigenen Dateien und ihre eigenen Datenschutzpraktiken verantwortlich.<\/span><\/p>\n<p><span style=\"font-weight: 400;\"> <\/span><\/p>\n<h4><b>Beschwerden bei der Aufsichtsbeh\u00f6rde<\/b><\/h4>\n<p><span style=\"font-weight: 400;\">Sollte der Nutzer der Ansicht sein, dass die Art und Weise, wie seine personenbezogenen Daten verarbeitet werden, ein Problem oder einen Versto\u00df gegen die geltenden Vorschriften darstellt, hat er das Recht auf wirksamen Rechtsschutz und das Recht, eine Beschwerde bei einer Aufsichtsbeh\u00f6rde einzureichen, insbesondere in dem Staat, in dem er seinen gew\u00f6hnlichen Aufenthalt, seinen Arbeitsplatz oder den Ort des mutma\u00dflichen Versto\u00dfes hat. Im Falle Spaniens ist die Aufsichtsbeh\u00f6rde die spanische Datenschutzbeh\u00f6rde (https:\/\/www.aepd.es\/). <\/span><\/p>\n<p><span style=\"font-weight: 400;\"> <\/span><\/p>\n<p><span style=\"font-weight: 400;\"> <\/span><\/p>\n<h3><b>II. AKZEPTANZ UND \u00c4NDERUNGEN DIESER DATENSCHUTZRICHTLINIE <\/b><\/h3>\n<p><span style=\"font-weight: 400;\">Es ist notwendig, dass der Benutzer die in dieser Datenschutzerkl\u00e4rung enthaltenen Bedingungen zum Schutz personenbezogener Daten gelesen hat und ihnen zustimmt, sowie dass er die Verarbeitung seiner personenbezogenen Daten akzeptiert, damit der Datenverantwortliche in der Art und Weise, w\u00e4hrend der Zeitr\u00e4ume und zu den angegebenen Zwecken fortfahren kann. Die Nutzung der Website setzt die Annahme der Datenschutzbestimmungen voraus. <\/span><\/p>\n<p><span style=\"font-weight: 400;\">SOUTH PACIFIC FISH SL. beh\u00e4lt sich das Recht vor, seine Datenschutzpolitik nach eigenen Kriterien oder aufgrund einer \u00c4nderung der Gesetzgebung, der Rechtsprechung oder der Doktrin der spanischen Datenschutzbeh\u00f6rde zu \u00e4ndern. \u00c4nderungen oder Aktualisierungen dieser Datenschutzrichtlinie werden dem Nutzer nicht ausdr\u00fccklich mitgeteilt. Dem Benutzer wird empfohlen, diese Seite regelm\u00e4\u00dfig zu konsultieren, um \u00fcber die neuesten \u00c4nderungen oder Aktualisierungen auf dem Laufenden zu bleiben.   <\/span><\/p>\n<p><span style=\"font-weight: 400;\">Diese Datenschutzerkl\u00e4rung wurde aktualisiert, um sie an die Verordnung (EU) 2016\/679 des Europ\u00e4ischen Parlaments und des Rates vom 27. April 2016 zum Schutz nat\u00fcrlicher Personen bei der Verarbeitung personenbezogener Daten und zum freien Datenverkehr (GDPR) und an das Organgesetz 3\/2018 vom 5. Dezember \u00fcber den Schutz personenbezogener Daten und die Gew\u00e4hrleistung digitaler Rechte anzupassen.<\/span><\/p>\n<p><span style=\"font-weight: 400;\"> <\/span><\/p>\n<p><\/p>\t\t\t\t\t\t\t\t<\/div>\n\t\t\t\t<\/div>\n\t\t\t\t\t<\/div>\n\t\t\t\t<\/div>\n\t\t\t\t<\/div>\n\t\t","protected":false},"excerpt":{"rendered":"<p>I. DATENSCHUTZ UND DATENSCHUTZPOLITIK In \u00dcbereinstimmung mit den Bestimmungen der geltenden Gesetzgebung verpflichtet sich SOUTH PACIFIC FISH SL (im Folgenden auch Website), die notwendigen technischen und organisatorischen Ma\u00dfnahmen zu ergreifen, die dem Risiko der erhobenen Daten angemessen sind. Gesetze, die in dieser Datenschutzrichtlinie enthalten sind. Diese Datenschutzerkl\u00e4rung ist an die aktuelle spanische und europ\u00e4ische Gesetzgebung [&hellip;]<\/p>\n","protected":false},"author":1,"featured_media":0,"parent":0,"menu_order":9,"comment_status":"closed","ping_status":"closed","template":"","meta":{"footnotes":""},"class_list":["post-3265","page","type-page","status-publish","hentry"],"_links":{"self":[{"href":"https:\/\/southpf.es\/de\/wp-json\/wp\/v2\/pages\/3265","targetHints":{"allow":["GET"]}}],"collection":[{"href":"https:\/\/southpf.es\/de\/wp-json\/wp\/v2\/pages"}],"about":[{"href":"https:\/\/southpf.es\/de\/wp-json\/wp\/v2\/types\/page"}],"author":[{"embeddable":true,"href":"https:\/\/southpf.es\/de\/wp-json\/wp\/v2\/users\/1"}],"replies":[{"embeddable":true,"href":"https:\/\/southpf.es\/de\/wp-json\/wp\/v2\/comments?post=3265"}],"version-history":[{"count":7,"href":"https:\/\/southpf.es\/de\/wp-json\/wp\/v2\/pages\/3265\/revisions"}],"predecessor-version":[{"id":3282,"href":"https:\/\/southpf.es\/de\/wp-json\/wp\/v2\/pages\/3265\/revisions\/3282"}],"wp:attachment":[{"href":"https:\/\/southpf.es\/de\/wp-json\/wp\/v2\/media?parent=3265"}],"curies":[{"name":"wp","href":"https:\/\/api.w.org\/{rel}","templated":true}]}}