{"id":3350,"date":"2024-09-25T11:27:20","date_gmt":"2024-09-25T11:27:20","guid":{"rendered":"https:\/\/southpf.es\/erklaerung-zur-zugaenglichkeit\/"},"modified":"2025-03-27T13:38:23","modified_gmt":"2025-03-27T13:38:23","slug":"erklaerung-zur-zugaenglichkeit","status":"publish","type":"page","link":"https:\/\/southpf.es\/de\/erklaerung-zur-zugaenglichkeit\/","title":{"rendered":"Erkl\u00e4rung zur Zug\u00e4nglichkeit"},"content":{"rendered":"\t\t<div data-elementor-type=\"wp-page\" data-elementor-id=\"3350\" class=\"elementor elementor-3350 elementor-508\" data-elementor-post-type=\"page\">\n\t\t\t\t<div class=\"elementor-element elementor-element-28f4f81c e-flex e-con-boxed e-con e-parent\" data-id=\"28f4f81c\" data-element_type=\"container\" data-e-type=\"container\">\n\t\t\t\t\t<div class=\"e-con-inner\">\n\t\t\t\t<div class=\"elementor-element elementor-element-4f924b25 elementor-widget elementor-widget-text-editor\" data-id=\"4f924b25\" data-element_type=\"widget\" data-e-type=\"widget\" data-widget_type=\"text-editor.default\">\n\t\t\t\t<div class=\"elementor-widget-container\">\n\t\t\t\t\t\t\t\t\t<h4><b>Status der Einhaltung<\/b><\/h4><p><span style=\"font-weight: 400;\"><strong>SOUTH PACIFIC FISH SL.<\/strong>  (im Folgenden auch Website) entspricht teilweise dem K\u00f6niglichen Dekret 1112\/2018 vom 7. September, da die unten aufgef\u00fchrten Aspekte nicht erf\u00fcllt sind.<\/span><\/p><p> <\/p><h4><b>Inhalt nicht zug\u00e4nglich<\/b><\/h4><p><span style=\"font-weight: 400;\">Der folgende Inhalt ist aus den folgenden Gr\u00fcnden nicht zug\u00e4nglich:<\/span><\/p><ol><li><b>  Nichteinhaltung des RD 1112\/2018:<\/b><span style=\"font-weight: 400;\">  Nicht anwendbar. Erf\u00fcllt 100% der Kriterien f\u00fcr die Barrierefreiheit im Internet. <\/span><\/li><li> <b> Unverh\u00e4ltnism\u00e4\u00dfige Belastung:<\/b><span style=\"font-weight: 400;\"> Nicht anwendbar.<\/span><\/li><li><b>  Der Inhalt f\u00e4llt nicht in den Geltungsbereich der geltenden Gesetzgebung:<\/b><\/li><\/ol><ul><li style=\"font-weight: 400;\" aria-level=\"1\"><span style=\"font-weight: 400;\">Es kann vorkommen, dass PDF-Dateien und andere Dateien der B\u00fcroautomation, die vor dem 20. September 2018 ver\u00f6ffentlicht wurden, nicht alle Anforderungen an die Barrierefreiheit erf\u00fcllen. Es wurden jedoch Anstrengungen unternommen, um sicherzustellen, dass die meisten von ihnen dies tun. <\/span><\/li><li style=\"font-weight: 400;\" aria-level=\"1\"><span style=\"font-weight: 400;\">Es kann Inhalte von Dritten geben, die nicht von dieser Einheit entwickelt wurden oder unter deren Kontrolle stehen, wie z. B. Bilder, interaktive Karten, Videos, Dokumente, Player usw.<\/span><\/li><li style=\"font-weight: 400;\" aria-level=\"1\"><span style=\"font-weight: 400;\">Es kann sein, dass vor dem 20. September 2018 aufgezeichnete Dateien ver\u00f6ffentlicht wurden, die nicht alle Anforderungen an die Barrierefreiheit vollst\u00e4ndig erf\u00fcllen.<\/span><\/li><li style=\"font-weight: 400;\" aria-level=\"1\"><span style=\"font-weight: 400;\">Teile oder die gesamte Website k\u00f6nnen mit einem CMS (WordPress, Shopify, PrestaShop usw.) erstellt worden sein, so dass aufgrund von Aktualisierungen oder \u00c4nderungen in den Systemen m\u00f6glicherweise nicht alle generierten oder selbst erstellten Inhalte allen Zug\u00e4nglichkeitsvorschriften entsprechen.<\/span><\/li><\/ul><p> <\/p><h4><b>Vorbereitung dieser Erkl\u00e4rung zur Zug\u00e4nglichkeit<\/b><\/h4><p><span style=\"font-weight: 400;\">Diese Erkl\u00e4rung wurde am 24\/09\/2024 erstellt.<\/span><\/p><p><span style=\"font-weight: 400;\">Die Methode zur Erstellung der Erkl\u00e4rung war eine Selbsteinsch\u00e4tzung, die das Unternehmen selbst durchgef\u00fchrt hat.<\/span><\/p><p><span style=\"font-weight: 400;\">Letzte \u00dcberarbeitung der Erkl\u00e4rung: 24\/09\/2024<\/span><\/p><p> <\/p><h4><b>Bemerkungen und Kontaktangaben<\/b><\/h4><p><span style=\"font-weight: 400;\">Sie k\u00f6nnen Mitteilungen \u00fcber die Anforderungen an die Zug\u00e4nglichkeit machen (Artikel 10.2.a des K\u00f6niglichen Dekrets 1112\/2018 vom 7. September), wie z.B.:<\/span><\/p><ul><li style=\"font-weight: 400;\" aria-level=\"1\"><span style=\"font-weight: 400;\">Um einen m\u00f6glichen Versto\u00df gegen die Bestimmungen dieser Website zu melden.<\/span><\/li><li style=\"font-weight: 400;\" aria-level=\"1\"><span style=\"font-weight: 400;\">\u00dcbermitteln Sie andere Schwierigkeiten beim Zugriff auf Inhalte.<\/span><\/li><li style=\"font-weight: 400;\" aria-level=\"1\"><span style=\"font-weight: 400;\">Um sonstige Anfragen oder Verbesserungsvorschl\u00e4ge bez\u00fcglich der Zug\u00e4nglichkeit der Website zu machen.<\/span><\/li><\/ul><p><span style=\"font-weight: 400;\">\u00dcber die folgenden Kan\u00e4le:<\/span><\/p><ul><li style=\"font-weight: 400;\" aria-level=\"1\"><span style=\"font-weight: 400;\">E-Mail: m@southpf.es<\/span><\/li><li style=\"font-weight: 400;\" aria-level=\"1\"><span style=\"font-weight: 400;\">Telefon: +34 95267000<\/span><\/li><\/ul><p><span style=\"font-weight: 400;\">Gem\u00e4\u00df Artikel 10.2.b des RD 1112\/2018 k\u00f6nnen Sie auch einreichen:<\/span><\/p><ul><li style=\"font-weight: 400;\" aria-level=\"1\"><span style=\"font-weight: 400;\">Eine Beschwerde bez\u00fcglich der Einhaltung der Anforderungen des RD 1112\/2018.<\/span><\/li><li style=\"font-weight: 400;\" aria-level=\"1\"><span style=\"font-weight: 400;\">Ein Antrag auf zug\u00e4ngliche Informationen in Bezug auf:<\/span><\/li><\/ul><ul><li style=\"font-weight: 400;\" aria-level=\"2\"><span style=\"font-weight: 400;\">Inhalte, die gem\u00e4\u00df Artikel 3, Absatz 4 vom Anwendungsbereich der RD 1112\/2018 ausgeschlossen sind.<\/span><\/li><li style=\"font-weight: 400;\" aria-level=\"2\"><span style=\"font-weight: 400;\">Inhalte, die von den Zug\u00e4nglichkeitsanforderungen ausgenommen sind, weil sie eine unverh\u00e4ltnism\u00e4\u00dfige Belastung darstellen.<\/span><\/li><\/ul><p> <\/p><p><span style=\"font-weight: 400;\">In dem Antrag auf Zugang zu Informationen m\u00fcssen die Fakten, die Gr\u00fcnde und der Antrag klar dargelegt werden, um nachzuweisen, dass der Antrag angemessen und rechtm\u00e4\u00dfig ist.<\/span><\/p><p><span style=\"font-weight: 400;\">Die Mitteilungen werden von der Gesch\u00e4ftsleitung des Unternehmens empfangen und bearbeitet, die f\u00fcr den Inhalt dieser Website verantwortlich ist.<\/span><\/p><p> <\/p><h4><b>Optionaler Inhalt<\/b><\/h4><p><span style=\"font-weight: 400;\">Die derzeit sichtbare Version dieser Website datiert vom 24.09.2024 und an diesem Datum wurde die aktuelle Zug\u00e4nglichkeitsstufe zu diesem Zeitpunkt \u00fcberarbeitet.<\/span><\/p><p><span style=\"font-weight: 400;\">Ab diesem Datum werden neue oder ge\u00e4nderte Webinhalte teilweise t\u00e4glich \u00fcberpr\u00fcft, sowohl die Vorlagen als auch die endg\u00fcltigen Seiten und Dokumente, die ver\u00f6ffentlicht werden, um die Einhaltung der Zug\u00e4nglichkeitsanforderungen der Norm UNE-EN 301549:2022 unter Ber\u00fccksichtigung der Ausnahmen des K\u00f6niglichen Dekrets 1112\/2018 vom 7. September sicherzustellen.<\/span><\/p><p><span style=\"font-weight: 400;\">Unter anderem werden die folgenden Ma\u00dfnahmen ergriffen, um die Zug\u00e4nglichkeit zu erleichtern:<\/span><\/p><ul><li style=\"font-weight: 400;\" aria-level=\"1\"><span style=\"font-weight: 400;\">Verwendung von Alternativtext auf Bildern.<\/span><\/li><li style=\"font-weight: 400;\" aria-level=\"1\"><span style=\"font-weight: 400;\">Links liefern Details \u00fcber die Funktion oder das Ziel des Hyperlinks.<\/span><\/li><li style=\"font-weight: 400;\" aria-level=\"1\"><span style=\"font-weight: 400;\">Verwendung von W3C-Standards: XHTML 1.0, CSS 3.0, WAI AA.<\/span><\/li><\/ul><p> <\/p><h4><b>Kompatibilit\u00e4t<\/b><\/h4><p><span style=\"font-weight: 400;\">Die Website:<\/span><\/p><ul><li style=\"font-weight: 400;\" aria-level=\"1\"><span style=\"font-weight: 400;\">wurde in \u00dcbereinstimmung mit den aktuellen Standards und Vorschriften in Bezug auf die Zug\u00e4nglichkeit gestaltet und entspricht den in den Web Content Accessibility Guidelines (WCAG 2.1) definierten Pr\u00fcfpunkten der Priorit\u00e4t 2 (AA).<\/span><\/li><li style=\"font-weight: 400;\" aria-level=\"1\"><span style=\"font-weight: 400;\">ist optimiert f\u00fcr die aktuellen Versionen von Chrome, Edge, Firefox, Safari und Opera<\/span><\/li><li style=\"font-weight: 400;\" aria-level=\"1\"><span style=\"font-weight: 400;\">ist so konzipiert, dass sie in jeder Aufl\u00f6sung und auf jedem Desktop, Tablet oder mobilen Ger\u00e4t korrekt angezeigt wird (responsives Design).<\/span><\/li><li style=\"font-weight: 400;\" aria-level=\"1\"><span style=\"font-weight: 400;\">wurde mit HTML5 als Auszeichnungssprache und CSS 3 Style Sheets f\u00fcr das Design erstellt.<\/span><\/li><\/ul><p> <\/p><p><span style=\"font-weight: 400;\">Dar\u00fcber hinaus werden die Inhalte st\u00e4ndig \u00fcberpr\u00fcft und \u00fcberarbeitet, um die Interpretation zu erleichtern und die Navigation durch das Webportal zu verbessern.<\/span><\/p><p> <\/p>\t\t\t\t\t\t\t\t<\/div>\n\t\t\t\t<\/div>\n\t\t\t\t\t<\/div>\n\t\t\t\t<\/div>\n\t\t\t\t<\/div>\n\t\t","protected":false},"excerpt":{"rendered":"<p>Status der Einhaltung SOUTH PACIFIC FISH SL. (im Folgenden auch Website) entspricht teilweise dem K\u00f6niglichen Dekret 1112\/2018 vom 7. September, da die unten aufgef\u00fchrten Aspekte nicht erf\u00fcllt sind. Inhalt nicht zug\u00e4nglich Der folgende Inhalt ist aus den folgenden Gr\u00fcnden nicht zug\u00e4nglich: Nichteinhaltung des RD 1112\/2018: Nicht anwendbar. Erf\u00fcllt 100% der Kriterien f\u00fcr die Barrierefreiheit im [&hellip;]<\/p>\n","protected":false},"author":1,"featured_media":0,"parent":0,"menu_order":9,"comment_status":"closed","ping_status":"closed","template":"","meta":{"footnotes":""},"class_list":["post-3350","page","type-page","status-publish","hentry"],"_links":{"self":[{"href":"https:\/\/southpf.es\/de\/wp-json\/wp\/v2\/pages\/3350","targetHints":{"allow":["GET"]}}],"collection":[{"href":"https:\/\/southpf.es\/de\/wp-json\/wp\/v2\/pages"}],"about":[{"href":"https:\/\/southpf.es\/de\/wp-json\/wp\/v2\/types\/page"}],"author":[{"embeddable":true,"href":"https:\/\/southpf.es\/de\/wp-json\/wp\/v2\/users\/1"}],"replies":[{"embeddable":true,"href":"https:\/\/southpf.es\/de\/wp-json\/wp\/v2\/comments?post=3350"}],"version-history":[{"count":1,"href":"https:\/\/southpf.es\/de\/wp-json\/wp\/v2\/pages\/3350\/revisions"}],"predecessor-version":[{"id":3351,"href":"https:\/\/southpf.es\/de\/wp-json\/wp\/v2\/pages\/3350\/revisions\/3351"}],"wp:attachment":[{"href":"https:\/\/southpf.es\/de\/wp-json\/wp\/v2\/media?parent=3350"}],"curies":[{"name":"wp","href":"https:\/\/api.w.org\/{rel}","templated":true}]}}