{"id":3359,"date":"2024-09-25T11:17:42","date_gmt":"2024-09-25T11:17:42","guid":{"rendered":"https:\/\/southpf.es\/cookie-richtlinie\/"},"modified":"2025-03-27T13:38:38","modified_gmt":"2025-03-27T13:38:38","slug":"cookie-richtlinie","status":"publish","type":"page","link":"https:\/\/southpf.es\/de\/cookie-richtlinie\/","title":{"rendered":"Cookie-Richtlinie"},"content":{"rendered":"\t\t<div data-elementor-type=\"wp-page\" data-elementor-id=\"3359\" class=\"elementor elementor-3359 elementor-485\" data-elementor-post-type=\"page\">\n\t\t\t\t<div class=\"elementor-element elementor-element-3bd00b7a e-flex e-con-boxed e-con e-parent\" data-id=\"3bd00b7a\" data-element_type=\"container\" data-e-type=\"container\">\n\t\t\t\t\t<div class=\"e-con-inner\">\n\t\t\t\t<div class=\"elementor-element elementor-element-27fdb2a0 elementor-widget elementor-widget-text-editor\" data-id=\"27fdb2a0\" data-element_type=\"widget\" data-e-type=\"widget\" data-widget_type=\"text-editor.default\">\n\t\t\t\t<div class=\"elementor-widget-container\">\n\t\t\t\t\t\t\t\t\t<p><span style=\"font-weight: 400;\">Der Zugriff auf diese Website kann die Verwendung von Cookies beinhalten. Cookies sind kleine Informationsmengen, die in dem von jedem Nutzer verwendeten Browser &#8211; in den verschiedenen Ger\u00e4ten, die zum Surfen verwendet werden k\u00f6nnen &#8211; gespeichert werden, so dass sich der Server bestimmte Informationen merkt, die sp\u00e4ter nur von dem Server gelesen werden k\u00f6nnen, der sie implementiert hat. Cookies machen das Surfen einfacher, benutzerfreundlicher und besch\u00e4digen das Ger\u00e4t nicht.  <\/span><\/p><p><span style=\"font-weight: 400;\">Bei Cookies handelt es sich um automatische Verfahren zur Sammlung von Informationen \u00fcber die Pr\u00e4ferenzen, die der Benutzer w\u00e4hrend seines Besuchs auf der Website festgelegt hat, um ihn als Benutzer zu erkennen und seine Erfahrung und Nutzung der Website zu personalisieren, und sie k\u00f6nnen beispielsweise auch dazu beitragen, Fehler zu erkennen und zu beheben.<\/span><\/p><p><span style=\"font-weight: 400;\">Die durch Cookies gesammelten Informationen k\u00f6nnen das Datum und die Uhrzeit der Besuche auf der Website, die aufgerufenen Seiten, die auf der Website verbrachte Zeit und die unmittelbar vor und nach der Website besuchten Seiten umfassen. Kein Cookie erlaubt es jedoch, die Telefonnummer des Nutzers oder andere Mittel zur pers\u00f6nlichen Kontaktaufnahme zu ermitteln. Kein Cookie kann Informationen von der Festplatte des Benutzers extrahieren oder pers\u00f6nliche Daten stehlen. Die einzige M\u00f6glichkeit, wie die privaten Daten des Nutzers in die Cookie-Datei aufgenommen werden k\u00f6nnen, besteht darin, dass der Nutzer diese Daten pers\u00f6nlich an den Server weitergibt.   <\/span><\/p><p><span style=\"font-weight: 400;\">Cookies, die die Identifizierung einer Person erm\u00f6glichen, gelten als personenbezogene Daten. Daher gilt f\u00fcr sie die oben genannte Datenschutzrichtlinie. In diesem Zusammenhang erfordert die Verwendung von Cookies die Zustimmung des Nutzers. Diese Zustimmung wird auf der Grundlage einer echten Wahl mitgeteilt, die durch eine best\u00e4tigende und positive Entscheidung vor der anf\u00e4nglichen Verarbeitung gegeben wird, und ist entfernbar und dokumentiert.   <\/span><\/p><p> <\/p><h4><b>Eigene Cookies<\/b><\/h4><p><span style=\"font-weight: 400;\">Dies sind Cookies, die an den Computer oder das Ger\u00e4t des Nutzers gesendet und ausschlie\u00dflich von SOUTH PACIFIC FISH SL. verwaltet werden, um das Funktionieren der Website zu verbessern. Die gesammelten Informationen werden verwendet, um die Qualit\u00e4t der Website und ihres Inhalts sowie Ihre Erfahrung als Nutzer zu verbessern. Diese Cookies erm\u00f6glichen es, den Nutzer als wiederkehrenden Besucher der Website zu erkennen und den Inhalt anzupassen, um ihm Inhalte anzubieten, die seinen Vorlieben entsprechen.   <\/span><\/p><ul><li><span style=\"font-weight: 400;\">Cookies von Dritten<\/span><\/li><\/ul><p><span style=\"font-weight: 400;\">Diese Cookies werden von externen Unternehmen verwendet und verwaltet, die SOUTH PACIFIC FISH SL. die vom Nutzer angeforderten Dienste zur Verf\u00fcgung stellen, um die Website und die Erfahrung des Nutzers beim Surfen auf der Website zu verbessern. Der Hauptzweck, f\u00fcr den Cookies von Drittanbietern verwendet werden, ist die Erstellung von Zugriffsstatistiken und die Analyse von Browsing-Informationen, d.h. wie der Nutzer mit der Website interagiert.  <\/span><\/p><p><span style=\"font-weight: 400;\">Die erhaltenen Informationen beziehen sich beispielsweise auf die Anzahl der besuchten Seiten, die Sprache, den Ort der IP-Adresse, von der aus der Nutzer zugreift, die Anzahl der Nutzer, die zugreifen, die H\u00e4ufigkeit und Wiederholung der Besuche, die Uhrzeit des Besuchs, den verwendeten Browser, den Betreiber oder die Art des Ger\u00e4ts, von dem aus der Besuch erfolgt ist. Diese Informationen werden verwendet, um die Website zu verbessern und neue Bed\u00fcrfnisse zu erkennen, um den Benutzern eine optimale Qualit\u00e4t der Inhalte und\/oder des Service zu bieten. In jedem Fall werden die Informationen anonym gesammelt und es werden Berichte \u00fcber die Entwicklung der Website erstellt, ohne dass einzelne Nutzer identifiziert werden.  <\/span><\/p><p><span style=\"font-weight: 400;\">Weitere Informationen \u00fcber Cookies, Informationen zum Datenschutz oder eine Beschreibung der Art der verwendeten Cookies, ihrer Hauptmerkmale, der G\u00fcltigkeitsdauer usw. finden Sie unter dem\/den folgenden Link(s):<\/span><\/p><ul><li><span style=\"font-weight: 400;\">Google Analytics<\/span><\/li><li><span style=\"font-weight: 400;\">Google Suchkonsole<\/span><\/li><\/ul><p><span style=\"font-weight: 400;\">Die f\u00fcr die Bereitstellung von Cookies verantwortliche(n) Stelle(n) kann (k\u00f6nnen) diese Informationen an Dritte weitergeben, wenn dies gesetzlich vorgeschrieben ist oder wenn ein Dritter diese Informationen f\u00fcr diese Stellen verarbeitet.<\/span><\/p><h4> <\/h4><h4><b>Cookies f\u00fcr soziale Medien<\/b><\/h4><p><span style=\"font-weight: 400;\">SOUTH PACIFIC FISH SL. enth\u00e4lt Plugins f\u00fcr soziale Netzwerke, die den Zugriff auf diese von der Website aus erm\u00f6glichen. Aus diesem Grund k\u00f6nnen Cookies der sozialen Netzwerke im Browser des Nutzers gespeichert werden. Die Eigent\u00fcmer dieser sozialen Netzwerke haben ihre eigenen Datenschutz- und Cookie-Richtlinien und sind in jedem Fall selbst f\u00fcr ihre eigenen Dateien und ihre eigenen Datenschutzpraktiken verantwortlich. Der Nutzer sollte sich bei ihnen \u00fcber diese Cookies und gegebenenfalls \u00fcber die Verarbeitung seiner pers\u00f6nlichen Daten informieren. Zu Informationszwecken sind im Folgenden die Links angegeben, unter denen diese Datenschutz- und\/oder Cookie-Richtlinien eingesehen werden k\u00f6nnen:     <\/span><\/p><ul><li style=\"font-weight: 400;\" aria-level=\"1\"><span style=\"font-weight: 400;\">Facebook: <\/span><a href=\"https:\/\/www.facebook.com\/policies\/cookies\/\"><span style=\"font-weight: 400;\">https:\/\/www.facebook.com\/policies\/cookies\/<\/span><\/a><\/li><li style=\"font-weight: 400;\" aria-level=\"1\"><span style=\"font-weight: 400;\">Twitter: <\/span><a href=\"https:\/\/twitter.com\/es\/privacy\"><span style=\"font-weight: 400;\">https:\/\/twitter.com\/es\/privacy<\/span><\/a><\/li><li style=\"font-weight: 400;\" aria-level=\"1\"><span style=\"font-weight: 400;\">Instagram: <\/span><a href=\"https:\/\/help.instagram.com\/1896641480634370?ref=ig\"><span style=\"font-weight: 400;\">https:\/\/help.instagram.com\/1896641480634370?ref=ig<\/span><\/a><\/li><li style=\"font-weight: 400;\" aria-level=\"1\"><span style=\"font-weight: 400;\">YouTube: <\/span><a href=\"https:\/\/policies.google.com\/privacy?hl=es-419&amp;gl=mx\"><span style=\"font-weight: 400;\">https:\/\/policies.google.com\/privacy?hl=es-419&amp;gl=mx<\/span><\/a><\/li><li style=\"font-weight: 400;\" aria-level=\"1\"><span style=\"font-weight: 400;\">Pinterest: <\/span><a href=\"https:\/\/policy.pinterest.com\/es\/privacy-policy\"><span style=\"font-weight: 400;\">https:\/\/policy.pinterest.com\/es\/privacy-policy<\/span><\/a><\/li><li style=\"font-weight: 400;\" aria-level=\"1\"><span style=\"font-weight: 400;\">LinkedIn: <\/span><a href=\"https:\/\/www.linkedin.com\/legal\/cookie-policy?trk=hp-cookies\"><span style=\"font-weight: 400;\">https:\/\/www.linkedin.com\/legal\/cookie-policy?trk=hp-cookies<\/span><\/a><\/li><\/ul><h4> <\/h4><h4><b>Deaktivieren, Ablehnen und L\u00f6schen von Cookies<\/b><\/h4><p><span style=\"font-weight: 400;\">Der Nutzer kann die auf seinem Ger\u00e4t installierten Cookies ganz oder teilweise deaktivieren, ablehnen und l\u00f6schen, indem er seinen Browser (z.B. Chrome, Firefox, Safari, Explorer) konfiguriert. Die Verfahren zur Ablehnung und L\u00f6schung von Cookies k\u00f6nnen sich von einem Internetbrowser zum anderen unterscheiden. Daher muss der Nutzer die Anweisungen des von ihm verwendeten Internetbrowsers befolgen. Wenn Sie die Verwendung von Cookies &#8211; ganz oder teilweise &#8211; ablehnen, k\u00f6nnen Sie die Website weiterhin nutzen, auch wenn die Nutzung einiger ihrer Funktionen eingeschr\u00e4nkt sein kann.   <\/span><\/p><p> <\/p>\t\t\t\t\t\t\t\t<\/div>\n\t\t\t\t<\/div>\n\t\t\t\t\t<\/div>\n\t\t\t\t<\/div>\n\t\t\t\t<\/div>\n\t\t","protected":false},"excerpt":{"rendered":"<p>Der Zugriff auf diese Website kann die Verwendung von Cookies beinhalten. Cookies sind kleine Informationsmengen, die in dem von jedem Nutzer verwendeten Browser &#8211; in den verschiedenen Ger\u00e4ten, die zum Surfen verwendet werden k\u00f6nnen &#8211; gespeichert werden, so dass sich der Server bestimmte Informationen merkt, die sp\u00e4ter nur von dem Server gelesen werden k\u00f6nnen, der [&hellip;]<\/p>\n","protected":false},"author":1,"featured_media":0,"parent":0,"menu_order":9,"comment_status":"closed","ping_status":"closed","template":"","meta":{"footnotes":""},"class_list":["post-3359","page","type-page","status-publish","hentry"],"_links":{"self":[{"href":"https:\/\/southpf.es\/de\/wp-json\/wp\/v2\/pages\/3359","targetHints":{"allow":["GET"]}}],"collection":[{"href":"https:\/\/southpf.es\/de\/wp-json\/wp\/v2\/pages"}],"about":[{"href":"https:\/\/southpf.es\/de\/wp-json\/wp\/v2\/types\/page"}],"author":[{"embeddable":true,"href":"https:\/\/southpf.es\/de\/wp-json\/wp\/v2\/users\/1"}],"replies":[{"embeddable":true,"href":"https:\/\/southpf.es\/de\/wp-json\/wp\/v2\/comments?post=3359"}],"version-history":[{"count":1,"href":"https:\/\/southpf.es\/de\/wp-json\/wp\/v2\/pages\/3359\/revisions"}],"predecessor-version":[{"id":3360,"href":"https:\/\/southpf.es\/de\/wp-json\/wp\/v2\/pages\/3359\/revisions\/3360"}],"wp:attachment":[{"href":"https:\/\/southpf.es\/de\/wp-json\/wp\/v2\/media?parent=3359"}],"curies":[{"name":"wp","href":"https:\/\/api.w.org\/{rel}","templated":true}]}}