{"id":3372,"date":"2024-09-25T11:32:51","date_gmt":"2024-09-25T11:32:51","guid":{"rendered":"https:\/\/southpf.es\/aviso-legal-y-condiciones-generales-de-uso\/"},"modified":"2025-03-27T13:38:52","modified_gmt":"2025-03-27T13:38:52","slug":"aviso-legal-y-condiciones-generales-de-uso","status":"publish","type":"page","link":"https:\/\/southpf.es\/de\/aviso-legal-y-condiciones-generales-de-uso\/","title":{"rendered":"Aviso Legal y Condiciones Generales de Uso"},"content":{"rendered":"\t\t<div data-elementor-type=\"wp-page\" data-elementor-id=\"3372\" class=\"elementor elementor-3372 elementor-514\" data-elementor-post-type=\"page\">\n\t\t\t\t<div class=\"elementor-element elementor-element-db0cdea e-flex e-con-boxed e-con e-parent\" data-id=\"db0cdea\" data-element_type=\"container\" data-e-type=\"container\">\n\t\t\t\t\t<div class=\"e-con-inner\">\n\t\t\t\t<div class=\"elementor-element elementor-element-765ee595 elementor-widget elementor-widget-text-editor\" data-id=\"765ee595\" data-element_type=\"widget\" data-e-type=\"widget\" data-widget_type=\"text-editor.default\">\n\t\t\t\t<div class=\"elementor-widget-container\">\n\t\t\t\t\t\t\t\t\t<h3><b>I. INFORMACI\u00d3N GENERAL<\/b><\/h3><p><span style=\"font-weight: 400;\">En cumplimiento con el deber de informaci\u00f3n dispuesto en la Ley 34\/2002 de Servicios de la Sociedad de la Informaci\u00f3n y el Comercio Electr\u00f3nico (LSSI-CE) de 11 de julio, se facilitan a continuaci\u00f3n los siguientes datos de informaci\u00f3n general de este sitio web:<\/span><\/p><p><span style=\"font-weight: 400;\">La titularidad de este sitio web, https:\/\/southpf.es\/, (en adelante, Sitio Web) la ostenta: SOUTH PACIFIC FISH SL., provista de NIF: B93011583 e inscrita en: con los siguientes datos registrales: , cuyo representante es: SOUTH PACIFIC FISH SL., y cuyos datos de contacto son:<\/span><\/p><ul><li><span style=\"font-weight: 400;\">Direcci\u00f3n: AVENIDA CARMEN SAENZ DE TEJADA, S\/NMIJAS (29651), M\u00e1laga, Espa\u00f1a<\/span><\/li><li><span style=\"font-weight: 400;\">Tel\u00e9fono de contacto: +34 95267000<\/span><\/li><li><span style=\"font-weight: 400;\">Email de contacto: m@southpf.es<\/span><\/li><\/ul><h3><b>II. T\u00c9RMINOS Y CONDICIONES GENERALES DE USO <\/b><\/h3><h4><b>El objeto de las condiciones: El Sitio Web<\/b><\/h4><p><span style=\"font-weight: 400;\">El objeto de las presentes Condiciones Generales de Uso (en adelante, Condiciones) es regular el acceso y la utilizaci\u00f3n del Sitio Web. A los efectos de las presentes Condiciones se entender\u00e1 como Sitio Web: la apariencia externa de los interfaces de pantalla, tanto de forma est\u00e1tica como de forma din\u00e1mica, es decir, el \u00e1rbol de navegaci\u00f3n; y todos los elementos integrados tanto en los interfaces de pantalla como en el \u00e1rbol de navegaci\u00f3n (en adelante, Contenidos) y todos aquellos servicios o recursos en l\u00ednea que en su caso ofrezca a los Usuarios (en adelante, Servicios). <\/span><\/p><p><span style=\"font-weight: 400;\">SOUTH PACIFIC FISH SL. se reserva la facultad de modificar, en cualquier momento, y sin aviso previo, la presentaci\u00f3n y configuraci\u00f3n del Sitio Web y de los Contenidos y Servicios que en \u00e9l pudieran estar incorporados. El Usuario reconoce y acepta que en cualquier momento SOUTH PACIFIC FISH SL. pueda interrumpir, desactivar y\/o cancelar cualquiera de estos elementos que se integran en el Sitio Web o el acceso a los mismos.   <\/span><\/p><p><span style=\"font-weight: 400;\">El acceso al Sitio Web por el Usuario tiene car\u00e1cter libre y, por regla general, es gratuito sin que el Usuario tenga que proporcionar una contraprestaci\u00f3n para poder disfrutar de ello, salvo en lo relativo al coste de conexi\u00f3n a trav\u00e9s de la red de telecomunicaciones suministrada por el proveedor de acceso que hubiere contratado el Usuario.<\/span><\/p><p><span style=\"font-weight: 400;\">La utilizaci\u00f3n de los Contenidos no requiere previa suscripci\u00f3n o registro alguno.<\/span><\/p><h4><b>El Usuario<\/b><\/h4><p><span style=\"font-weight: 400;\">El acceso, la navegaci\u00f3n y uso del Sitio Web, as\u00ed como por los espacios habilitados para interactuar entre los Usuarios, y el Usuario y SOUTH PACIFIC FISH SL., como los comentarios y\/o espacios de blogging, confiere la condici\u00f3n de Usuario, por lo que se aceptan, desde que se inicia la navegaci\u00f3n por el Sitio Web, todas las Condiciones aqu\u00ed establecidas, as\u00ed como sus ulteriores modificaciones, sin perjuicio de la aplicaci\u00f3n de la correspondiente normativa legal de obligado cumplimiento seg\u00fan el caso. Dada la relevancia de lo anterior, se recomienda al Usuario leerlas cada vez que visite el Sitio Web.<\/span><\/p><p><span style=\"font-weight: 400;\">El Sitio Web de SOUTH PACIFIC FISH SL. proporciona gran diversidad de informaci\u00f3n, servicios y datos. El Usuario asume su responsabilidad para realizar un uso correcto del Sitio Web. Esta responsabilidad se extender\u00e1 a:   <\/span><\/p><ul><li style=\"font-weight: 400;\" aria-level=\"1\"><span style=\"font-weight: 400;\">Un uso de la informaci\u00f3n, Contenidos y\/o Servicios y datos ofrecidos por SOUTH PACIFIC FISH SL. sin que sea contrario a lo dispuesto por las presentes Condiciones, la Ley, la moral o el orden p\u00fablico, o que de cualquier otro modo puedan suponer lesi\u00f3n de los derechos de terceros o del mismo funcionamiento del Sitio Web. <\/span><\/li><li style=\"font-weight: 400;\" aria-level=\"1\"><span style=\"font-weight: 400;\">La veracidad y licitud de las informaciones aportadas por el Usuario en los formularios extendidos por SOUTH PACIFIC FISH SL. para el acceso a ciertos Contenidos o Servicios ofrecidos por el Sitio Web. En todo caso, el Usuario notificar\u00e1 de forma inmediata a SOUTH PACIFIC FISH SL. acerca de cualquier hecho que permita el uso indebido de la informaci\u00f3n registrada en dichos formularios, tales como, pero no solo, el robo, extrav\u00edo, o el acceso no autorizado a identificadores y\/o contrase\u00f1as, con el fin de proceder a su inmediata cancelaci\u00f3n.   <\/span><\/li><\/ul><p><span style=\"font-weight: 400;\">SOUTH PACIFIC FISH SL. se reserva el derecho de retirar todos aquellos comentarios y aportaciones que vulneren la ley, el respeto a la dignidad de la persona, que sean discriminatorios, xen\u00f3fobos, racistas, pornogr\u00e1ficos, spamming, que atenten contra la juventud o la infancia, el orden o la seguridad p\u00fablica o que, a su juicio, no resultaran adecuados para su publicaci\u00f3n. <\/span><\/p><p><span style=\"font-weight: 400;\">En cualquier caso, SOUTH PACIFIC FISH SL. no ser\u00e1 responsable de las opiniones vertidas por los Usuarios a trav\u00e9s de comentarios u otras herramientas de blogging o de participaci\u00f3n que pueda haber. <\/span><\/p><p><span style=\"font-weight: 400;\">El mero acceso a este Sitio Web no supone entablar ning\u00fan tipo de relaci\u00f3n de car\u00e1cter comercial entre SOUTH PACIFIC FISH SL. y el Usuario. <\/span><\/p><p><span style=\"font-weight: 400;\">Siempre en el respeto de la legislaci\u00f3n vigente, este Sitio Web de SOUTH PACIFIC FISH SL. se dirige a todas las personas, sin importar su edad, que puedan acceder y\/o navegar por las p\u00e1ginas del Sitio Web. <\/span><\/p><h3><b>III. ACCESO Y NAVEGACI\u00d3N EN EL SITIO WEB: EXCLUSI\u00d3N DE GARANT\u00cdAS Y RESPONSABILIDAD <\/b><\/h3><p><span style=\"font-weight: 400;\">SOUTH PACIFIC FISH SL. no garantiza la continuidad, disponibilidad y utilidad del Sitio Web, ni de los Contenidos o Servicios. SOUTH PACIFIC FISH SL. har\u00e1 todo lo posible por el buen funcionamiento del Sitio Web, sin embargo, no se responsabiliza ni garantiza que el acceso a este Sitio Web no vaya a ser ininterrumpido o que est\u00e9 libre de error.   <\/span><\/p><p><span style=\"font-weight: 400;\">Tampoco se responsabiliza o garantiza que el contenido o software al que pueda accederse a trav\u00e9s de este Sitio Web, est\u00e9 libre de error o cause un da\u00f1o al sistema inform\u00e1tico (software y hardware) del Usuario. En ning\u00fan caso SOUTH PACIFIC FISH SL. ser\u00e1 responsable por las p\u00e9rdidas, da\u00f1os o perjuicios de cualquier tipo que surjan por el acceso, navegaci\u00f3n y el uso del Sitio Web, incluy\u00e9ndose, pero no limit\u00e1ndose, a los ocasionados a los sistemas inform\u00e1ticos o los provocados por la introducci\u00f3n de virus.  <\/span><\/p><p><span style=\"font-weight: 400;\">SOUTH PACIFIC FISH SL. tampoco se hace responsable de los da\u00f1os que pudiesen ocasionarse a los usuarios por un uso inadecuado de este Sitio Web. En particular, no se hace responsable en modo alguno de las ca\u00eddas, interrupciones, falta o defecto de las telecomunicaciones que pudieran ocurrir.  <\/span><\/p><h3><b>IV. POL\u00cdTICA DE ENLACES <\/b><\/h3><p><span style=\"font-weight: 400;\">Se informa que el Sitio Web de SOUTH PACIFIC FISH SL. pone o puede poner a disposici\u00f3n de los Usuarios medios de enlace (como, entre otros, links, banners, botones), directorios y motores de b\u00fasqueda que permiten a los Usuarios acceder a sitios web pertenecientes y\/o gestionados por terceros. <\/span><\/p><p><span style=\"font-weight: 400;\">La instalaci\u00f3n de estos enlaces, directorios y motores de b\u00fasqueda en el Sitio Web tiene por objeto facilitar a los Usuarios la b\u00fasqueda de y acceso a la informaci\u00f3n disponible en Internet, sin que pueda considerarse una sugerencia, recomendaci\u00f3n o invitaci\u00f3n para la visita de los mismos.<\/span><\/p><p><span style=\"font-weight: 400;\">SOUTH PACIFIC FISH SL. no ofrece ni comercializa por s\u00ed ni por medio de terceros los productos y\/o servicios disponibles en dichos sitios enlazados. <\/span><\/p><p><span style=\"font-weight: 400;\">Asimismo, tampoco garantizar\u00e1 la disponibilidad t\u00e9cnica, exactitud, veracidad, validez o legalidad de sitios ajenos a su propiedad a los que se pueda acceder por medio de los enlaces.<\/span><\/p><p><span style=\"font-weight: 400;\">SOUTH PACIFIC FISH SL. en ning\u00fan caso revisar\u00e1 o controlar\u00e1 el contenido de otros sitios web, as\u00ed como tampoco aprueba, examina ni hace propios los productos y servicios, contenidos, archivos y cualquier otro material existente en los referidos sitios enlazados. <\/span><\/p><p><span style=\"font-weight: 400;\">SOUTH PACIFIC FISH SL. no asume ninguna responsabilidad por los da\u00f1os y perjuicios que pudieran producirse por el acceso, uso, calidad o licitud de los contenidos, comunicaciones, opiniones, productos y servicios de los sitios web no gestionados por SOUTH PACIFIC FISH SL. y que sean enlazados en este Sitio Web.  <\/span><\/p><p><span style=\"font-weight: 400;\">El Usuario o tercero que realice un hiperv\u00ednculo desde una p\u00e1gina web de otro, distinto, sitio web al Sitio Web de SOUTH PACIFIC FISH SL. deber\u00e1 saber que: <\/span><\/p><p><span style=\"font-weight: 400;\">No se permite la reproducci\u00f3n \u2014total o parcialmente\u2014 de ninguno de los Contenidos y\/o Servicios del Sitio Web sin autorizaci\u00f3n expresa de SOUTH PACIFIC FISH SL..<\/span><\/p><p><span style=\"font-weight: 400;\">No se permite tampoco ninguna manifestaci\u00f3n falsa, inexacta o incorrecta sobre el Sitio Web de SOUTH PACIFIC FISH SL., ni sobre los Contenidos y\/o Servicios del mismo.<\/span><\/p><p><span style=\"font-weight: 400;\">A excepci\u00f3n del hiperv\u00ednculo, el sitio web en el que se establezca dicho hiperenlace no contendr\u00e1 ning\u00fan elemento, de este Sitio Web, protegido como propiedad intelectual por el ordenamiento jur\u00eddico espa\u00f1ol, salvo autorizaci\u00f3n expresa de SOUTH PACIFIC FISH SL..<\/span><\/p><p><span style=\"font-weight: 400;\">El establecimiento del hiperv\u00ednculo no implicar\u00e1 la existencia de relaciones entre SOUTH PACIFIC FISH SL. y el titular del sitio web desde el cual se realice, ni el conocimiento y aceptaci\u00f3n de SOUTH PACIFIC FISH SL. de los contenidos, servicios y\/o actividades ofrecidas en dicho sitio web, y viceversa.  <\/span><\/p><h3><b>V. PROPIEDAD INTELECTUAL E INDUSTRIAL<\/b><\/h3><p><span style=\"font-weight: 400;\">SOUTH PACIFIC FISH SL. por s\u00ed o como parte cesionaria, es titular de todos los derechos de propiedad intelectual e industrial del Sitio Web, as\u00ed como de los elementos contenidos en el mismo (a t\u00edtulo enunciativo y no exhaustivo, im\u00e1genes, sonido, audio, v\u00eddeo, software o textos, marcas o logotipos, combinaciones de colores, estructura y dise\u00f1o, selecci\u00f3n de materiales usados, programas de ordenador necesarios para su funcionamiento, acceso y uso, etc.). Ser\u00e1n, por consiguiente, obras protegidas como propiedad intelectual por el ordenamiento jur\u00eddico espa\u00f1ol, si\u00e9ndoles aplicables tanto la normativa espa\u00f1ola y comunitaria en este campo, como los tratados internacionales relativos a la materia y suscritos por Espa\u00f1a.  <\/span><\/p><p><span style=\"font-weight: 400;\">Alle Rechte vorbehalten. Gem\u00e4\u00df den Bestimmungen des Gesetzes zum Schutz des geistigen Eigentums ist die Vervielf\u00e4ltigung, Verbreitung und \u00f6ffentliche Wiedergabe, einschlie\u00dflich der Zurverf\u00fcgungstellung, des gesamten oder eines Teils des Inhalts dieser Website zu kommerziellen Zwecken auf jedem Medium und mit jedem technischen Mittel ohne die Genehmigung von SOUTH PACIFIC FISH SL. ausdr\u00fccklich verboten. <\/span><\/p><p><span style=\"font-weight: 400;\">Der Nutzer verpflichtet sich, die geistigen und gewerblichen Eigentumsrechte von SOUTH PACIFIC FISH SL zu respektieren. Sie d\u00fcrfen die Elemente der Website ansehen oder sogar ausdrucken, kopieren und auf der Festplatte Ihres Computers oder einem anderen physischen Medium speichern, sofern dies ausschlie\u00dflich f\u00fcr Ihren pers\u00f6nlichen Gebrauch geschieht. Der Nutzer darf jedoch keine auf der Website installierten Schutzvorrichtungen oder Sicherheitssysteme entfernen, ver\u00e4ndern oder manipulieren.<\/span><\/p><p><span style=\"font-weight: 400;\">F\u00fcr den Fall, dass der Nutzer oder ein Dritter der Ansicht ist, dass einer der Inhalte der Website eine Verletzung der Rechte zum Schutz des geistigen Eigentums darstellt, muss er SOUTH PACIFIC FISH SL. unverz\u00fcglich \u00fcber die Kontaktdaten im Abschnitt ALLGEMEINE INFORMATIONEN der vorliegenden rechtlichen Hinweise und allgemeinen Nutzungsbedingungen informieren. <\/span><\/p><h3><b>VI. GERICHTSVERFAHREN, ANWENDBARES RECHT UND GERICHTSBARKEIT <\/b><\/h3><p><span style=\"font-weight: 400;\">SOUTH PACIFIC FISH SL. beh\u00e4lt sich das Recht vor, zivil- oder strafrechtliche Schritte einzuleiten, die es f\u00fcr eine missbr\u00e4uchliche Nutzung der Website und ihrer Inhalte oder f\u00fcr einen Versto\u00df gegen die vorliegenden Bedingungen f\u00fcr notwendig erachtet. <\/span><\/p><p><span style=\"font-weight: 400;\">Die Beziehung zwischen dem Nutzer und SOUTH PACIFIC FISH SL. unterliegt den geltenden und auf spanischem Gebiet anwendbaren Vorschriften. Im Falle von Streitigkeiten in Bezug auf die Auslegung und\/oder Anwendung der vorliegenden Allgemeinen Gesch\u00e4ftsbedingungen unterwerfen sich die Parteien der ordentlichen Gerichtsbarkeit, wobei sie sich den Richtern und Gerichten unterwerfen, die nach dem Gesetz zust\u00e4ndig sind.  <\/span><\/p>\t\t\t\t\t\t\t\t<\/div>\n\t\t\t\t<\/div>\n\t\t\t\t\t<\/div>\n\t\t\t\t<\/div>\n\t\t\t\t<\/div>\n\t\t","protected":false},"excerpt":{"rendered":"<p>I. INFORMACI\u00d3N GENERAL En cumplimiento con el deber de informaci\u00f3n dispuesto en la Ley 34\/2002 de Servicios de la Sociedad de la Informaci\u00f3n y el Comercio Electr\u00f3nico (LSSI-CE) de 11 de julio, se facilitan a continuaci\u00f3n los siguientes datos de informaci\u00f3n general de este sitio web: La titularidad de este sitio web, https:\/\/southpf.es\/, (en adelante, [&hellip;]<\/p>\n","protected":false},"author":1,"featured_media":0,"parent":0,"menu_order":9,"comment_status":"closed","ping_status":"closed","template":"","meta":{"footnotes":""},"class_list":["post-3372","page","type-page","status-publish","hentry"],"_links":{"self":[{"href":"https:\/\/southpf.es\/de\/wp-json\/wp\/v2\/pages\/3372","targetHints":{"allow":["GET"]}}],"collection":[{"href":"https:\/\/southpf.es\/de\/wp-json\/wp\/v2\/pages"}],"about":[{"href":"https:\/\/southpf.es\/de\/wp-json\/wp\/v2\/types\/page"}],"author":[{"embeddable":true,"href":"https:\/\/southpf.es\/de\/wp-json\/wp\/v2\/users\/1"}],"replies":[{"embeddable":true,"href":"https:\/\/southpf.es\/de\/wp-json\/wp\/v2\/comments?post=3372"}],"version-history":[{"count":1,"href":"https:\/\/southpf.es\/de\/wp-json\/wp\/v2\/pages\/3372\/revisions"}],"predecessor-version":[{"id":3377,"href":"https:\/\/southpf.es\/de\/wp-json\/wp\/v2\/pages\/3372\/revisions\/3377"}],"wp:attachment":[{"href":"https:\/\/southpf.es\/de\/wp-json\/wp\/v2\/media?parent=3372"}],"curies":[{"name":"wp","href":"https:\/\/api.w.org\/{rel}","templated":true}]}}