{"id":3388,"date":"2024-09-30T14:01:43","date_gmt":"2024-09-30T14:01:43","guid":{"rendered":"https:\/\/southpf.es\/spf-logistik\/"},"modified":"2025-03-27T13:39:09","modified_gmt":"2025-03-27T13:39:09","slug":"spf-logistik","status":"publish","type":"page","link":"https:\/\/southpf.es\/de\/spf-logistik\/","title":{"rendered":"SPF Logistik"},"content":{"rendered":"\t\t<div data-elementor-type=\"wp-page\" data-elementor-id=\"3388\" class=\"elementor elementor-3388 elementor-706\" data-elementor-post-type=\"page\">\n\t\t\t\t<div class=\"elementor-element elementor-element-0a3ee55 e-flex e-con-boxed e-con e-parent\" data-id=\"0a3ee55\" data-element_type=\"container\" data-e-type=\"container\" data-settings=\"{&quot;background_background&quot;:&quot;video&quot;,&quot;background_video_link&quot;:&quot;https:\\\/\\\/vimeo.com\\\/1054420677?&amp;signup=true#_=_&quot;}\">\n\t\t\t\t\t<div class=\"e-con-inner\">\n\t\t<div class=\"elementor-background-video-container elementor-hidden-mobile\">\n\t\t\t\t\t\t\t<div class=\"elementor-background-video-embed\" role=\"presentation\"><\/div>\n\t\t\t\t\t\t<\/div><div class=\"elementor-element elementor-element-4285a5a e-con-full e-flex e-con e-child\" data-id=\"4285a5a\" data-element_type=\"container\" data-e-type=\"container\">\n\t\t\t\t<div class=\"elementor-element elementor-element-cb9b56e elementor-invisible elementor-widget elementor-widget-heading\" data-id=\"cb9b56e\" data-element_type=\"widget\" data-e-type=\"widget\" data-settings=\"{&quot;_animation&quot;:&quot;fadeInRight&quot;}\" data-widget_type=\"heading.default\">\n\t\t\t\t<div class=\"elementor-widget-container\">\n\t\t\t\t\t<h2 class=\"elementor-heading-title elementor-size-default\">SPF Logistik<\/h2>\t\t\t\t<\/div>\n\t\t\t\t<\/div>\n\t\t\t\t<div class=\"elementor-element elementor-element-0eecd10 elementor-invisible elementor-widget elementor-widget-heading\" data-id=\"0eecd10\" data-element_type=\"widget\" data-e-type=\"widget\" data-settings=\"{&quot;_animation&quot;:&quot;fadeInRight&quot;,&quot;_animation_delay&quot;:100}\" data-widget_type=\"heading.default\">\n\t\t\t\t<div class=\"elementor-widget-container\">\n\t\t\t\t\t<h2 class=\"elementor-heading-title elementor-size-default\">Wertsch\u00f6pfung in der Kette<\/h2>\t\t\t\t<\/div>\n\t\t\t\t<\/div>\n\t\t\t\t<div class=\"elementor-element elementor-element-0f4b539 elementor-invisible elementor-widget elementor-widget-text-editor\" data-id=\"0f4b539\" data-element_type=\"widget\" data-e-type=\"widget\" data-settings=\"{&quot;_animation&quot;:&quot;fadeInRight&quot;,&quot;_animation_delay&quot;:200}\" data-widget_type=\"text-editor.default\">\n\t\t\t\t<div class=\"elementor-widget-container\">\n\t\t\t\t\t\t\t\t\t<p>SPF startet ein ehrgeiziges Projekt im Bereich der K\u00fchllogistik im S\u00fcden Spaniens.<\/p>\t\t\t\t\t\t\t\t<\/div>\n\t\t\t\t<\/div>\n\t\t\t\t<\/div>\n\t\t\t\t\t<\/div>\n\t\t\t\t<\/div>\n\t\t<div class=\"elementor-element elementor-element-77a1daf e-con-full e-flex e-con e-parent\" data-id=\"77a1daf\" data-element_type=\"container\" data-e-type=\"container\" data-settings=\"{&quot;background_background&quot;:&quot;classic&quot;}\">\n\t\t<div class=\"elementor-element elementor-element-6212ad1 e-con-full e-flex e-con e-child\" data-id=\"6212ad1\" data-element_type=\"container\" data-e-type=\"container\" data-settings=\"{&quot;background_background&quot;:&quot;slideshow&quot;,&quot;background_slideshow_gallery&quot;:[{&quot;id&quot;:710,&quot;url&quot;:&quot;http:\\\/\\\/southpf.es\\\/wp-content\\\/uploads\\\/2024\\\/09\\\/FredVic_Modelo_3D-LEO_Escena3.png&quot;},{&quot;id&quot;:1312,&quot;url&quot;:&quot;http:\\\/\\\/southpf.es\\\/wp-content\\\/uploads\\\/2024\\\/12\\\/pexels-jean-marc-bonnel-387362531-22730367.jpg&quot;},{&quot;id&quot;:1311,&quot;url&quot;:&quot;http:\\\/\\\/southpf.es\\\/wp-content\\\/uploads\\\/2024\\\/12\\\/pexels-pixabay-209251.jpg&quot;},{&quot;id&quot;:1310,&quot;url&quot;:&quot;http:\\\/\\\/southpf.es\\\/wp-content\\\/uploads\\\/2024\\\/12\\\/pexels-raulling-29663479.jpg&quot;},{&quot;id&quot;:1313,&quot;url&quot;:&quot;http:\\\/\\\/southpf.es\\\/wp-content\\\/uploads\\\/2024\\\/12\\\/pexels-felix-haumann-1938529-3735930-scaled.jpg&quot;}],&quot;background_slideshow_loop&quot;:&quot;yes&quot;,&quot;background_slideshow_slide_duration&quot;:5000,&quot;background_slideshow_slide_transition&quot;:&quot;fade&quot;,&quot;background_slideshow_transition_duration&quot;:500}\">\n\t\t\t\t<\/div>\n\t\t<div class=\"elementor-element elementor-element-ff78073 e-con-full e-flex e-con e-child\" data-id=\"ff78073\" data-element_type=\"container\" data-e-type=\"container\">\n\t\t\t\t<div class=\"elementor-element elementor-element-2dec6c1 elementor-widget-tablet__width-initial elementor-widget elementor-widget-image\" data-id=\"2dec6c1\" data-element_type=\"widget\" data-e-type=\"widget\" data-settings=\"{&quot;motion_fx_motion_fx_scrolling&quot;:&quot;yes&quot;,&quot;motion_fx_translateX_effect&quot;:&quot;yes&quot;,&quot;motion_fx_translateX_affectedRange&quot;:{&quot;unit&quot;:&quot;%&quot;,&quot;size&quot;:&quot;&quot;,&quot;sizes&quot;:{&quot;start&quot;:0,&quot;end&quot;:50}},&quot;motion_fx_translateX_speed&quot;:{&quot;unit&quot;:&quot;px&quot;,&quot;size&quot;:4,&quot;sizes&quot;:[]},&quot;motion_fx_devices&quot;:[&quot;desktop&quot;,&quot;tablet&quot;,&quot;mobile&quot;]}\" data-widget_type=\"image.default\">\n\t\t\t\t<div class=\"elementor-widget-container\">\n\t\t\t\t\t\t\t\t\t\t\t\t\t\t\t<img decoding=\"async\" width=\"143\" height=\"113\" data-src=\"https:\/\/southpf.es\/wp-content\/uploads\/2024\/09\/SVG.png\" class=\"attachment-large size-large wp-image-2544 lazyload\" alt=\"\" src=\"data:image\/svg+xml;base64,PHN2ZyB3aWR0aD0iMSIgaGVpZ2h0PSIxIiB4bWxucz0iaHR0cDovL3d3dy53My5vcmcvMjAwMC9zdmciPjwvc3ZnPg==\" style=\"--smush-placeholder-width: 143px; --smush-placeholder-aspect-ratio: 143\/113;\" \/>\t\t\t\t\t\t\t\t\t\t\t\t\t\t\t<\/div>\n\t\t\t\t<\/div>\n\t\t<div class=\"elementor-element elementor-element-67079c1 e-con-full e-flex e-con e-child\" data-id=\"67079c1\" data-element_type=\"container\" data-e-type=\"container\">\n\t\t\t\t<div class=\"elementor-element elementor-element-68aad01 animated-slow elementor-invisible elementor-widget elementor-widget-heading\" data-id=\"68aad01\" data-element_type=\"widget\" data-e-type=\"widget\" data-settings=\"{&quot;_animation&quot;:&quot;fadeInRight&quot;}\" data-widget_type=\"heading.default\">\n\t\t\t\t<div class=\"elementor-widget-container\">\n\t\t\t\t\t<h2 class=\"elementor-heading-title elementor-size-default\">Unsere Vision<\/h2>\t\t\t\t<\/div>\n\t\t\t\t<\/div>\n\t\t\t\t<div class=\"elementor-element elementor-element-aee9e47 animated-slow elementor-invisible elementor-widget elementor-widget-heading\" data-id=\"aee9e47\" data-element_type=\"widget\" data-e-type=\"widget\" data-settings=\"{&quot;_animation&quot;:&quot;fadeInRight&quot;,&quot;_animation_delay&quot;:100}\" data-widget_type=\"heading.default\">\n\t\t\t\t<div class=\"elementor-widget-container\">\n\t\t\t\t\t<h3 class=\"elementor-heading-title elementor-size-default\">Die neueste K\u00fchltechnik in Andalusien<\/h3>\t\t\t\t<\/div>\n\t\t\t\t<\/div>\n\t\t\t\t<div class=\"elementor-element elementor-element-8a2cee9 elementor-widget__width-initial elementor-widget elementor-widget-text-editor\" data-id=\"8a2cee9\" data-element_type=\"widget\" data-e-type=\"widget\" data-widget_type=\"text-editor.default\">\n\t\t\t\t<div class=\"elementor-widget-container\">\n\t\t\t\t\t\t\t\t\t<p>SPF erg\u00e4nzt sein Dienstleistungsangebot mit dem bevorstehenden Bau seiner Logistikplattform f\u00fcr Positiv- und Negativ-K\u00fchllager.<\/p><p>Diese Plattform wird in Archidona in der Provinz M\u00e1laga in einer strategischen Enklave an der A92 liegen, die an die wichtigsten Landstra\u00dfen angeschlossen ist und sich in der N\u00e4he des Trockenhafens von Antequera befindet.<\/p><p>Dieses Projekt wurde unter dem Gesichtspunkt der Nachhaltigkeit geboren, wobei die Energieeffizienz das wichtigste Merkmal ist.<\/p><p>Bis Mitte 2025 wird SPF mit einem robusten WMS-System, Automatisierung, R\u00fcckverfolgbarkeit und 24\/7-Diensten die neueste Technologie in den Sektor der temperaturgef\u00fchrten Logistik bringen.<\/p>\t\t\t\t\t\t\t\t<\/div>\n\t\t\t\t<\/div>\n\t\t\t\t<\/div>\n\t\t\t\t<div class=\"elementor-element elementor-element-692ba23 elementor-widget-tablet__width-initial elementor-widget elementor-widget-image\" data-id=\"692ba23\" data-element_type=\"widget\" data-e-type=\"widget\" data-settings=\"{&quot;motion_fx_motion_fx_scrolling&quot;:&quot;yes&quot;,&quot;motion_fx_translateX_effect&quot;:&quot;yes&quot;,&quot;motion_fx_translateX_direction&quot;:&quot;negative&quot;,&quot;motion_fx_translateX_affectedRange&quot;:{&quot;unit&quot;:&quot;%&quot;,&quot;size&quot;:&quot;&quot;,&quot;sizes&quot;:{&quot;start&quot;:0,&quot;end&quot;:50}},&quot;motion_fx_translateX_speed&quot;:{&quot;unit&quot;:&quot;px&quot;,&quot;size&quot;:4,&quot;sizes&quot;:[]},&quot;motion_fx_devices&quot;:[&quot;desktop&quot;,&quot;tablet&quot;,&quot;mobile&quot;]}\" data-widget_type=\"image.default\">\n\t\t\t\t<div class=\"elementor-widget-container\">\n\t\t\t\t\t\t\t\t\t\t\t\t\t\t\t<img decoding=\"async\" width=\"142\" height=\"113\" data-src=\"https:\/\/southpf.es\/wp-content\/uploads\/2024\/09\/SVG-1.png\" class=\"attachment-large size-large wp-image-2552 lazyload\" alt=\"\" src=\"data:image\/svg+xml;base64,PHN2ZyB3aWR0aD0iMSIgaGVpZ2h0PSIxIiB4bWxucz0iaHR0cDovL3d3dy53My5vcmcvMjAwMC9zdmciPjwvc3ZnPg==\" style=\"--smush-placeholder-width: 142px; --smush-placeholder-aspect-ratio: 142\/113;\" \/>\t\t\t\t\t\t\t\t\t\t\t\t\t\t\t<\/div>\n\t\t\t\t<\/div>\n\t\t\t\t<\/div>\n\t\t\t\t<\/div>\n\t\t<div class=\"elementor-element elementor-element-e23a57e e-con-full e-flex e-con e-parent\" data-id=\"e23a57e\" data-element_type=\"container\" data-e-type=\"container\" data-settings=\"{&quot;background_background&quot;:&quot;classic&quot;}\">\n\t\t<div class=\"elementor-element elementor-element-4c554d1 e-con-full e-flex e-con e-child\" data-id=\"4c554d1\" data-element_type=\"container\" data-e-type=\"container\" data-settings=\"{&quot;background_background&quot;:&quot;classic&quot;}\">\n\t\t\t\t<div class=\"elementor-element elementor-element-0d7a00d elementor-widget elementor-widget-counter\" data-id=\"0d7a00d\" data-element_type=\"widget\" data-e-type=\"widget\" data-widget_type=\"counter.default\">\n\t\t\t\t<div class=\"elementor-widget-container\">\n\t\t\t\t\t\t\t<div class=\"elementor-counter\">\n\t\t\t<div class=\"elementor-counter-title\">Kalte Positionen<\/div>\t\t\t<div class=\"elementor-counter-number-wrapper\">\n\t\t\t\t<span class=\"elementor-counter-number-prefix\">+<\/span>\n\t\t\t\t<span class=\"elementor-counter-number\" data-duration=\"2000\" data-to-value=\"6000\" data-from-value=\"5800\" data-delimiter=\",\">5800<\/span>\n\t\t\t\t<span class=\"elementor-counter-number-suffix\"><\/span>\n\t\t\t<\/div>\n\t\t<\/div>\n\t\t\t\t\t\t<\/div>\n\t\t\t\t<\/div>\n\t\t\t\t<div class=\"elementor-element elementor-element-e8ba432 elementor-widget elementor-widget-counter\" data-id=\"e8ba432\" data-element_type=\"widget\" data-e-type=\"widget\" data-widget_type=\"counter.default\">\n\t\t\t\t<div class=\"elementor-widget-container\">\n\t\t\t\t\t\t\t<div class=\"elementor-counter\">\n\t\t\t<div class=\"elementor-counter-title\">m\u00b2 Bodenfl\u00e4che<\/div>\t\t\t<div class=\"elementor-counter-number-wrapper\">\n\t\t\t\t<span class=\"elementor-counter-number-prefix\">+<\/span>\n\t\t\t\t<span class=\"elementor-counter-number\" data-duration=\"2000\" data-to-value=\"5500\" data-from-value=\"4800\" data-delimiter=\",\">4800<\/span>\n\t\t\t\t<span class=\"elementor-counter-number-suffix\"><\/span>\n\t\t\t<\/div>\n\t\t<\/div>\n\t\t\t\t\t\t<\/div>\n\t\t\t\t<\/div>\n\t\t\t\t<div class=\"elementor-element elementor-element-4e270f7 elementor-widget elementor-widget-counter\" data-id=\"4e270f7\" data-element_type=\"widget\" data-e-type=\"widget\" data-widget_type=\"counter.default\">\n\t\t\t\t<div class=\"elementor-widget-container\">\n\t\t\t\t\t\t\t<div class=\"elementor-counter\">\n\t\t\t<div class=\"elementor-counter-title\">m\u00b3 Fassungsverm\u00f6gen<\/div>\t\t\t<div class=\"elementor-counter-number-wrapper\">\n\t\t\t\t<span class=\"elementor-counter-number-prefix\">+<\/span>\n\t\t\t\t<span class=\"elementor-counter-number\" data-duration=\"2000\" data-to-value=\"33000\" data-from-value=\"32500\" data-delimiter=\",\">32500<\/span>\n\t\t\t\t<span class=\"elementor-counter-number-suffix\"><\/span>\n\t\t\t<\/div>\n\t\t<\/div>\n\t\t\t\t\t\t<\/div>\n\t\t\t\t<\/div>\n\t\t\t\t<\/div>\n\t\t<div class=\"elementor-element elementor-element-8aacbc4 e-con-full e-flex e-con e-child\" data-id=\"8aacbc4\" data-element_type=\"container\" data-e-type=\"container\">\n\t\t\t\t<div class=\"elementor-element elementor-element-af3746d animated-slow elementor-invisible elementor-widget elementor-widget-heading\" data-id=\"af3746d\" data-element_type=\"widget\" data-e-type=\"widget\" data-settings=\"{&quot;_animation&quot;:&quot;fadeInRight&quot;}\" data-widget_type=\"heading.default\">\n\t\t\t\t<div class=\"elementor-widget-container\">\n\t\t\t\t\t<h2 class=\"elementor-heading-title elementor-size-default\">Das Projekt<\/h2>\t\t\t\t<\/div>\n\t\t\t\t<\/div>\n\t\t\t\t<div class=\"elementor-element elementor-element-51037ae animated-slow elementor-invisible elementor-widget elementor-widget-heading\" data-id=\"51037ae\" data-element_type=\"widget\" data-e-type=\"widget\" data-settings=\"{&quot;_animation&quot;:&quot;fadeInRight&quot;,&quot;_animation_delay&quot;:100}\" data-widget_type=\"heading.default\">\n\t\t\t\t<div class=\"elementor-widget-container\">\n\t\t\t\t\t<h3 class=\"elementor-heading-title elementor-size-default\">SPF K\u00e4lte-Logistik<\/h3>\t\t\t\t<\/div>\n\t\t\t\t<\/div>\n\t\t\t\t<div class=\"elementor-element elementor-element-728fa71 animated-slow elementor-invisible elementor-widget elementor-widget-text-editor\" data-id=\"728fa71\" data-element_type=\"widget\" data-e-type=\"widget\" data-settings=\"{&quot;_animation&quot;:&quot;fadeInRight&quot;,&quot;_animation_delay&quot;:200}\" data-widget_type=\"text-editor.default\">\n\t\t\t\t<div class=\"elementor-widget-container\">\n\t\t\t\t\t\t\t\t\t<p>Unsere Plattform verf\u00fcgt \u00fcber eine gro\u00dfe Kapazit\u00e4t und wird von einem gro\u00dfen und hochspezialisierten professionellen Team unterst\u00fctzt.<\/p><p>Die K\u00fchlsysteme werden auf der UBT-Technologie basieren, die einen optimalen Energieverbrauch und Betrieb gew\u00e4hrleistet. Dar\u00fcber hinaus werden die Einrichtungen mit Solarenergie betrieben und sind autark, wodurch der Kohlenstoff-Fu\u00dfabdruck minimiert wird. <\/p>\t\t\t\t\t\t\t\t<\/div>\n\t\t\t\t<\/div>\n\t\t\t\t<\/div>\n\t\t\t\t<\/div>\n\t\t<div class=\"elementor-element elementor-element-31c6967 e-con-full e-flex e-con e-parent\" data-id=\"31c6967\" data-element_type=\"container\" data-e-type=\"container\" data-settings=\"{&quot;background_background&quot;:&quot;classic&quot;}\">\n\t\t<div class=\"elementor-element elementor-element-814e5d4 e-con-full e-flex e-con e-child\" data-id=\"814e5d4\" data-element_type=\"container\" data-e-type=\"container\">\n\t\t\t\t<div class=\"elementor-element elementor-element-6cef929 animated-slow elementor-invisible elementor-widget elementor-widget-heading\" data-id=\"6cef929\" data-element_type=\"widget\" data-e-type=\"widget\" data-settings=\"{&quot;_animation&quot;:&quot;fadeInRight&quot;}\" data-widget_type=\"heading.default\">\n\t\t\t\t<div class=\"elementor-widget-container\">\n\t\t\t\t\t<h2 class=\"elementor-heading-title elementor-size-default\">Unsere Vision<\/h2>\t\t\t\t<\/div>\n\t\t\t\t<\/div>\n\t\t\t\t<div class=\"elementor-element elementor-element-4d73647 animated-slow elementor-invisible elementor-widget elementor-widget-heading\" data-id=\"4d73647\" data-element_type=\"widget\" data-e-type=\"widget\" data-settings=\"{&quot;_animation&quot;:&quot;fadeInRight&quot;,&quot;_animation_delay&quot;:100}\" data-widget_type=\"heading.default\">\n\t\t\t\t<div class=\"elementor-widget-container\">\n\t\t\t\t\t<h3 class=\"elementor-heading-title elementor-size-default\">Im Dienste der Lebensmittelindustrie<\/h3>\t\t\t\t<\/div>\n\t\t\t\t<\/div>\n\t\t\t\t<div class=\"elementor-element elementor-element-c23103c animated-slow elementor-invisible elementor-widget elementor-widget-text-editor\" data-id=\"c23103c\" data-element_type=\"widget\" data-e-type=\"widget\" data-settings=\"{&quot;_animation&quot;:&quot;fadeInRight&quot;,&quot;_animation_delay&quot;:200}\" data-widget_type=\"text-editor.default\">\n\t\t\t\t<div class=\"elementor-widget-container\">\n\t\t\t\t\t\t\t\t\t<p>Unsere Spezialisierung und Erfahrung reicht von der Fischereiindustrie bis hin zu einer Vielzahl von Sektoren und erm\u00f6glicht es uns, einen hochwertigen Service f\u00fcr Lebensmittelunternehmen, Foodservice, Landwirtschaft, Fleischverarbeiter, Fruchtexporteure, B\u00e4ckereien und viele mehr anzubieten.<\/p>\t\t\t\t\t\t\t\t<\/div>\n\t\t\t\t<\/div>\n\t\t\t\t<\/div>\n\t\t<div class=\"elementor-element elementor-element-11e8d15 e-con-full e-flex e-con e-child\" data-id=\"11e8d15\" data-element_type=\"container\" data-e-type=\"container\" data-settings=\"{&quot;background_background&quot;:&quot;classic&quot;}\">\n\t\t\t\t<div class=\"elementor-element elementor-element-1082a1a elementor-widget__width-initial elementor-widget elementor-widget-image\" data-id=\"1082a1a\" data-element_type=\"widget\" data-e-type=\"widget\" data-settings=\"{&quot;motion_fx_motion_fx_scrolling&quot;:&quot;yes&quot;,&quot;motion_fx_scale_effect&quot;:&quot;yes&quot;,&quot;motion_fx_scale_direction&quot;:&quot;in-out&quot;,&quot;motion_fx_scale_speed&quot;:{&quot;unit&quot;:&quot;px&quot;,&quot;size&quot;:-5,&quot;sizes&quot;:[]},&quot;motion_fx_scale_range&quot;:{&quot;unit&quot;:&quot;%&quot;,&quot;size&quot;:&quot;&quot;,&quot;sizes&quot;:{&quot;start&quot;:20,&quot;end&quot;:80}},&quot;motion_fx_devices&quot;:[&quot;desktop&quot;,&quot;tablet&quot;,&quot;mobile&quot;]}\" data-widget_type=\"image.default\">\n\t\t\t\t<div class=\"elementor-widget-container\">\n\t\t\t\t\t\t\t\t\t\t\t\t\t\t\t<img fetchpriority=\"high\" decoding=\"async\" width=\"800\" height=\"534\" src=\"https:\/\/southpf.es\/wp-content\/uploads\/2024\/09\/shutterstock_306669278-1024x683.jpg\" class=\"attachment-large size-large wp-image-2533\" alt=\"\" srcset=\"https:\/\/southpf.es\/wp-content\/uploads\/2024\/09\/shutterstock_306669278-1024x683.jpg 1024w, https:\/\/southpf.es\/wp-content\/uploads\/2024\/09\/shutterstock_306669278-300x200.jpg 300w, https:\/\/southpf.es\/wp-content\/uploads\/2024\/09\/shutterstock_306669278-768x512.jpg 768w, https:\/\/southpf.es\/wp-content\/uploads\/2024\/09\/shutterstock_306669278-1536x1024.jpg 1536w, https:\/\/southpf.es\/wp-content\/uploads\/2024\/09\/shutterstock_306669278-2048x1365.jpg 2048w\" sizes=\"(max-width: 800px) 100vw, 800px\" \/>\t\t\t\t\t\t\t\t\t\t\t\t\t\t\t<\/div>\n\t\t\t\t<\/div>\n\t\t\t\t<\/div>\n\t\t\t\t<\/div>\n\t\t\t\t<\/div>\n\t\t","protected":false},"excerpt":{"rendered":"<p>SPF Logistik Wertsch\u00f6pfung in der Kette SPF startet ein ehrgeiziges Projekt im Bereich der K\u00fchllogistik im S\u00fcden Spaniens. Unsere Vision Die neueste K\u00fchltechnik in Andalusien SPF erg\u00e4nzt sein Dienstleistungsangebot mit dem bevorstehenden Bau seiner Logistikplattform f\u00fcr Positiv- und Negativ-K\u00fchllager. Diese Plattform wird in Archidona in der Provinz M\u00e1laga in einer strategischen Enklave an der A92 [&hellip;]<\/p>\n","protected":false},"author":1,"featured_media":0,"parent":0,"menu_order":3,"comment_status":"closed","ping_status":"closed","template":"","meta":{"footnotes":""},"class_list":["post-3388","page","type-page","status-publish","hentry"],"_links":{"self":[{"href":"https:\/\/southpf.es\/de\/wp-json\/wp\/v2\/pages\/3388","targetHints":{"allow":["GET"]}}],"collection":[{"href":"https:\/\/southpf.es\/de\/wp-json\/wp\/v2\/pages"}],"about":[{"href":"https:\/\/southpf.es\/de\/wp-json\/wp\/v2\/types\/page"}],"author":[{"embeddable":true,"href":"https:\/\/southpf.es\/de\/wp-json\/wp\/v2\/users\/1"}],"replies":[{"embeddable":true,"href":"https:\/\/southpf.es\/de\/wp-json\/wp\/v2\/comments?post=3388"}],"version-history":[{"count":1,"href":"https:\/\/southpf.es\/de\/wp-json\/wp\/v2\/pages\/3388\/revisions"}],"predecessor-version":[{"id":3393,"href":"https:\/\/southpf.es\/de\/wp-json\/wp\/v2\/pages\/3388\/revisions\/3393"}],"wp:attachment":[{"href":"https:\/\/southpf.es\/de\/wp-json\/wp\/v2\/media?parent=3388"}],"curies":[{"name":"wp","href":"https:\/\/api.w.org\/{rel}","templated":true}]}}