{"id":3352,"date":"2024-09-25T11:27:20","date_gmt":"2024-09-25T11:27:20","guid":{"rendered":"https:\/\/southpf.es\/declaration-daccessibilite\/"},"modified":"2025-03-27T13:38:24","modified_gmt":"2025-03-27T13:38:24","slug":"declaration-daccessibilite","status":"publish","type":"page","link":"https:\/\/southpf.es\/fr\/declaration-daccessibilite\/","title":{"rendered":"D\u00e9claration d&rsquo;accessibilit\u00e9"},"content":{"rendered":"\t\t<div data-elementor-type=\"wp-page\" data-elementor-id=\"3352\" class=\"elementor elementor-3352 elementor-508\" data-elementor-post-type=\"page\">\n\t\t\t\t<div class=\"elementor-element elementor-element-28f4f81c e-flex e-con-boxed e-con e-parent\" data-id=\"28f4f81c\" data-element_type=\"container\" data-e-type=\"container\">\n\t\t\t\t\t<div class=\"e-con-inner\">\n\t\t\t\t<div class=\"elementor-element elementor-element-4f924b25 elementor-widget elementor-widget-text-editor\" data-id=\"4f924b25\" data-element_type=\"widget\" data-e-type=\"widget\" data-widget_type=\"text-editor.default\">\n\t\t\t\t<div class=\"elementor-widget-container\">\n\t\t\t\t\t\t\t\t\t<h4><b>\u00c9tat de conformit\u00e9<\/b><\/h4><p><span style=\"font-weight: 400;\"><strong>POISSON DU PACIFIQUE SUD SL.<\/strong>  (ci-apr\u00e8s \u00e9galement site Web) est partiellement conforme au d\u00e9cret royal 1112\/2018, du 7 septembre, en raison de la non-conformit\u00e9 des aspects \u00e9num\u00e9r\u00e9s ci-dessous.<\/span><\/p><p> <\/p><h4><b>Contenu non accessible<\/b><\/h4><p><span style=\"font-weight: 400;\">Le contenu ci-dessous n&rsquo;est pas accessible pour les raisons suivantes :<\/span><\/p><ol><li><b>  Non-conformit\u00e9 avec le RD 1112\/2018 :<\/b><span style=\"font-weight: 400;\">  Sans objet. R\u00e9pond \u00e0 100 % des crit\u00e8res d&rsquo;accessibilit\u00e9 au web. <\/span><\/li><li> <b> Charge disproportionn\u00e9e :<\/b><span style=\"font-weight: 400;\"> Sans objet.<\/span><\/li><li><b>  Le contenu n&rsquo;entre pas dans le champ d&rsquo;application de la l\u00e9gislation applicable :<\/b><\/li><\/ol><ul><li style=\"font-weight: 400;\" aria-level=\"1\"><span style=\"font-weight: 400;\">Il se peut que certains fichiers PDF et autres fichiers bureautiques publi\u00e9s avant le 20 septembre 2018 ne r\u00e9pondent pas \u00e0 toutes les exigences en mati\u00e8re d&rsquo;accessibilit\u00e9. Cependant, des efforts ont \u00e9t\u00e9 faits pour s&rsquo;assurer que la plupart d&rsquo;entre eux le sont. <\/span><\/li><li style=\"font-weight: 400;\" aria-level=\"1\"><span style=\"font-weight: 400;\">Il peut y avoir du contenu de tiers qui n&rsquo;est pas d\u00e9velopp\u00e9 par ou sous le contr\u00f4le de cette unit\u00e9, comme des images, des cartes interactives, des vid\u00e9os, des documents, des lecteurs, etc.<\/span><\/li><li style=\"font-weight: 400;\" aria-level=\"1\"><span style=\"font-weight: 400;\">Il se peut que des fichiers pr\u00e9enregistr\u00e9s publi\u00e9s avant le 20 septembre 2018 ne r\u00e9pondent pas \u00e0 toutes les exigences en mati\u00e8re d&rsquo;accessibilit\u00e9.<\/span><\/li><li style=\"font-weight: 400;\" aria-level=\"1\"><span style=\"font-weight: 400;\">Une partie ou la totalit\u00e9 du site web peut \u00eatre cr\u00e9\u00e9e avec un CMS (WordPress, Shopify, PrestaShop, etc.), de sorte qu&rsquo;en raison d&rsquo;une mise \u00e0 jour ou d&rsquo;un changement dans les syst\u00e8mes, tout le contenu g\u00e9n\u00e9r\u00e9 ou autog\u00e9n\u00e9r\u00e9 peut ne pas \u00eatre conforme \u00e0 toutes les r\u00e9glementations en mati\u00e8re d&rsquo;accessibilit\u00e9.<\/span><\/li><\/ul><p> <\/p><h4><b>Pr\u00e9paration de la pr\u00e9sente d\u00e9claration d&rsquo;accessibilit\u00e9<\/b><\/h4><p><span style=\"font-weight: 400;\">Cette d\u00e9claration a \u00e9t\u00e9 pr\u00e9par\u00e9e le 24\/09\/2024.<\/span><\/p><p><span style=\"font-weight: 400;\">La m\u00e9thode utilis\u00e9e pour pr\u00e9parer la d\u00e9claration \u00e9tait une auto-\u00e9valuation r\u00e9alis\u00e9e par l&rsquo;entreprise elle-m\u00eame.<\/span><\/p><p><span style=\"font-weight: 400;\">Derni\u00e8re r\u00e9vision de la d\u00e9claration : 24\/09\/2024<\/span><\/p><p> <\/p><h4><b>Remarques et coordonn\u00e9es<\/b><\/h4><p><span style=\"font-weight: 400;\">Vous pouvez faire des communications sur les exigences en mati\u00e8re d&rsquo;accessibilit\u00e9 (article 10.2.a du d\u00e9cret royal 1112\/2018 du 7 septembre) comme, par exemple :<\/span><\/p><ul><li style=\"font-weight: 400;\" aria-level=\"1\"><span style=\"font-weight: 400;\">Pour signaler tout cas de non-conformit\u00e9 de ce site web.<\/span><\/li><li style=\"font-weight: 400;\" aria-level=\"1\"><span style=\"font-weight: 400;\">Signaler d&rsquo;autres difficult\u00e9s d&rsquo;acc\u00e8s au contenu.<\/span><\/li><li style=\"font-weight: 400;\" aria-level=\"1\"><span style=\"font-weight: 400;\">de formuler toute autre demande ou suggestion d&rsquo;am\u00e9lioration concernant l&rsquo;accessibilit\u00e9 du site web.<\/span><\/li><\/ul><p><span style=\"font-weight: 400;\">Par les canaux suivants :<\/span><\/p><ul><li style=\"font-weight: 400;\" aria-level=\"1\"><span style=\"font-weight: 400;\">Courriel : m@southpf.es<\/span><\/li><li style=\"font-weight: 400;\" aria-level=\"1\"><span style=\"font-weight: 400;\">T\u00e9l\u00e9phone : +34 95267000<\/span><\/li><\/ul><p><span style=\"font-weight: 400;\">Conform\u00e9ment \u00e0 l&rsquo;article 10.2.b du RD 1112\/2018, vous pouvez \u00e9galement soumettre :<\/span><\/p><ul><li style=\"font-weight: 400;\" aria-level=\"1\"><span style=\"font-weight: 400;\">Une plainte concernant le respect des exigences du RD 1112\/2018.<\/span><\/li><li style=\"font-weight: 400;\" aria-level=\"1\"><span style=\"font-weight: 400;\">Une demande d&rsquo;informations accessibles concernant<\/span><\/li><\/ul><ul><li style=\"font-weight: 400;\" aria-level=\"2\"><span style=\"font-weight: 400;\">Contenu exclu du champ d&rsquo;application du RD 1112\/2018 conform\u00e9ment \u00e0 l&rsquo;article 3, paragraphe 4.<\/span><\/li><li style=\"font-weight: 400;\" aria-level=\"2\"><span style=\"font-weight: 400;\">Contenu exempt\u00e9 des exigences d&rsquo;accessibilit\u00e9 parce qu&rsquo;il impose une charge disproportionn\u00e9e.<\/span><\/li><\/ul><p> <\/p><p><span style=\"font-weight: 400;\">Dans la demande d&rsquo;informations accessibles, les faits, les raisons et la demande doivent \u00eatre clairement \u00e9nonc\u00e9s afin d&rsquo;\u00e9tablir que la demande est raisonnable et l\u00e9gitime.<\/span><\/p><p><span style=\"font-weight: 400;\">Les communications seront re\u00e7ues et trait\u00e9es par la direction de l&rsquo;entreprise, en tant qu&rsquo;unit\u00e9 responsable du contenu de ce site web.<\/span><\/p><p> <\/p><h4><b>Contenu optionnel<\/b><\/h4><p><span style=\"font-weight: 400;\">La version actuellement visible de ce site web est dat\u00e9e du 24\/09\/2024 et le niveau d&rsquo;accessibilit\u00e9 actuel a \u00e9t\u00e9 r\u00e9vis\u00e9 \u00e0 cette date.<\/span><\/p><p><span style=\"font-weight: 400;\">\u00c0 partir de cette date, des examens partiels quotidiens sont effectu\u00e9s sur les contenus web nouveaux ou modifi\u00e9s, tant sur les mod\u00e8les que sur les pages et documents finaux publi\u00e9s, afin de garantir le respect des exigences d&rsquo;accessibilit\u00e9 de la norme UNE-EN 301549:2022, compte tenu des exceptions du d\u00e9cret royal 1112\/2018, du 7 septembre.<\/span><\/p><p><span style=\"font-weight: 400;\">Les mesures suivantes sont notamment prises pour faciliter l&rsquo;accessibilit\u00e9 :<\/span><\/p><ul><li style=\"font-weight: 400;\" aria-level=\"1\"><span style=\"font-weight: 400;\">Utilisation d&rsquo;un texte alternatif sur les images.<\/span><\/li><li style=\"font-weight: 400;\" aria-level=\"1\"><span style=\"font-weight: 400;\">Les liens fournissent des d\u00e9tails sur la fonction ou la destination de l&rsquo;hyperlien.<\/span><\/li><li style=\"font-weight: 400;\" aria-level=\"1\"><span style=\"font-weight: 400;\">Utilisation des normes du W3C : XHTML 1.0, CSS 3.0, WAI AA.<\/span><\/li><\/ul><p> <\/p><h4><b>Compatibilit\u00e9<\/b><\/h4><p><span style=\"font-weight: 400;\">Le site web :<\/span><\/p><ul><li style=\"font-weight: 400;\" aria-level=\"1\"><span style=\"font-weight: 400;\">a \u00e9t\u00e9 con\u00e7u conform\u00e9ment aux normes et r\u00e9glementations en vigueur en mati\u00e8re d&rsquo;accessibilit\u00e9, en respectant les points de contr\u00f4le de la priorit\u00e9 2 (AA) d\u00e9finis dans la sp\u00e9cification WCAG 2.1 (Web Content Accessibility Guidelines).<\/span><\/li><li style=\"font-weight: 400;\" aria-level=\"1\"><span style=\"font-weight: 400;\">est optimis\u00e9 pour les derni\u00e8res versions actuelles de Chrome, Edge, Firefox, Safari et Opera<\/span><\/li><li style=\"font-weight: 400;\" aria-level=\"1\"><span style=\"font-weight: 400;\">est con\u00e7u pour s&rsquo;afficher correctement dans n&rsquo;importe quelle r\u00e9solution et sur n&rsquo;importe quel ordinateur de bureau, tablette ou appareil mobile (responsive design).<\/span><\/li><li style=\"font-weight: 400;\" aria-level=\"1\"><span style=\"font-weight: 400;\">a \u00e9t\u00e9 con\u00e7u en utilisant HTML5 comme langage de balisage et les feuilles de style CSS 3 pour sa conception.<\/span><\/li><\/ul><p> <\/p><p><span style=\"font-weight: 400;\">En outre, un audit et une r\u00e9vision continus du contenu sont effectu\u00e9s afin de faciliter son interpr\u00e9tation et d&rsquo;am\u00e9liorer la navigation sur le portail web.<\/span><\/p><p> <\/p>\t\t\t\t\t\t\t\t<\/div>\n\t\t\t\t<\/div>\n\t\t\t\t\t<\/div>\n\t\t\t\t<\/div>\n\t\t\t\t<\/div>\n\t\t","protected":false},"excerpt":{"rendered":"<p>\u00c9tat de conformit\u00e9 POISSON DU PACIFIQUE SUD SL. (ci-apr\u00e8s \u00e9galement site Web) est partiellement conforme au d\u00e9cret royal 1112\/2018, du 7 septembre, en raison de la non-conformit\u00e9 des aspects \u00e9num\u00e9r\u00e9s ci-dessous. Contenu non accessible Le contenu ci-dessous n&rsquo;est pas accessible pour les raisons suivantes : Non-conformit\u00e9 avec le RD 1112\/2018 : Sans objet. R\u00e9pond \u00e0 [&hellip;]<\/p>\n","protected":false},"author":1,"featured_media":0,"parent":0,"menu_order":9,"comment_status":"closed","ping_status":"closed","template":"","meta":{"footnotes":""},"class_list":["post-3352","page","type-page","status-publish","hentry"],"_links":{"self":[{"href":"https:\/\/southpf.es\/fr\/wp-json\/wp\/v2\/pages\/3352","targetHints":{"allow":["GET"]}}],"collection":[{"href":"https:\/\/southpf.es\/fr\/wp-json\/wp\/v2\/pages"}],"about":[{"href":"https:\/\/southpf.es\/fr\/wp-json\/wp\/v2\/types\/page"}],"author":[{"embeddable":true,"href":"https:\/\/southpf.es\/fr\/wp-json\/wp\/v2\/users\/1"}],"replies":[{"embeddable":true,"href":"https:\/\/southpf.es\/fr\/wp-json\/wp\/v2\/comments?post=3352"}],"version-history":[{"count":1,"href":"https:\/\/southpf.es\/fr\/wp-json\/wp\/v2\/pages\/3352\/revisions"}],"predecessor-version":[{"id":3355,"href":"https:\/\/southpf.es\/fr\/wp-json\/wp\/v2\/pages\/3352\/revisions\/3355"}],"wp:attachment":[{"href":"https:\/\/southpf.es\/fr\/wp-json\/wp\/v2\/media?parent=3352"}],"curies":[{"name":"wp","href":"https:\/\/api.w.org\/{rel}","templated":true}]}}