{"id":3390,"date":"2024-09-30T14:01:43","date_gmt":"2024-09-30T14:01:43","guid":{"rendered":"https:\/\/southpf.es\/logistique-spf\/"},"modified":"2025-03-27T13:39:09","modified_gmt":"2025-03-27T13:39:09","slug":"logistique-spf","status":"publish","type":"page","link":"https:\/\/southpf.es\/fr\/logistique-spf\/","title":{"rendered":"Logistique SPF"},"content":{"rendered":"\t\t<div data-elementor-type=\"wp-page\" data-elementor-id=\"3390\" class=\"elementor elementor-3390 elementor-706\" data-elementor-post-type=\"page\">\n\t\t\t\t<div class=\"elementor-element elementor-element-0a3ee55 e-flex e-con-boxed e-con e-parent\" data-id=\"0a3ee55\" data-element_type=\"container\" data-settings=\"{&quot;background_background&quot;:&quot;video&quot;,&quot;background_video_link&quot;:&quot;https:\\\/\\\/vimeo.com\\\/1054420677?&amp;signup=true#_=_&quot;}\">\n\t\t\t\t\t<div class=\"e-con-inner\">\n\t\t<div class=\"elementor-background-video-container elementor-hidden-mobile\" aria-hidden=\"true\">\n\t\t\t\t\t\t\t<div class=\"elementor-background-video-embed\"><\/div>\n\t\t\t\t\t\t<\/div><div class=\"elementor-element elementor-element-4285a5a e-con-full e-flex e-con e-child\" data-id=\"4285a5a\" data-element_type=\"container\">\n\t\t\t\t<div class=\"elementor-element elementor-element-cb9b56e elementor-invisible elementor-widget elementor-widget-heading\" data-id=\"cb9b56e\" data-element_type=\"widget\" data-settings=\"{&quot;_animation&quot;:&quot;fadeInRight&quot;}\" data-widget_type=\"heading.default\">\n\t\t\t\t<div class=\"elementor-widget-container\">\n\t\t\t\t\t<h2 class=\"elementor-heading-title elementor-size-default\">Logistique SPF<\/h2>\t\t\t\t<\/div>\n\t\t\t\t<\/div>\n\t\t\t\t<div class=\"elementor-element elementor-element-0eecd10 elementor-invisible elementor-widget elementor-widget-heading\" data-id=\"0eecd10\" data-element_type=\"widget\" data-settings=\"{&quot;_animation&quot;:&quot;fadeInRight&quot;,&quot;_animation_delay&quot;:100}\" data-widget_type=\"heading.default\">\n\t\t\t\t<div class=\"elementor-widget-container\">\n\t\t\t\t\t<h2 class=\"elementor-heading-title elementor-size-default\">Ajouter de la valeur \u00e0 la cha\u00eene<\/h2>\t\t\t\t<\/div>\n\t\t\t\t<\/div>\n\t\t\t\t<div class=\"elementor-element elementor-element-0f4b539 elementor-invisible elementor-widget elementor-widget-text-editor\" data-id=\"0f4b539\" data-element_type=\"widget\" data-settings=\"{&quot;_animation&quot;:&quot;fadeInRight&quot;,&quot;_animation_delay&quot;:200}\" data-widget_type=\"text-editor.default\">\n\t\t\t\t<div class=\"elementor-widget-container\">\n\t\t\t\t\t\t\t\t\t<p>SPF lance un projet ambitieux dans le secteur de la logistique du froid dans le sud de l&rsquo;Espagne.<\/p>\t\t\t\t\t\t\t\t<\/div>\n\t\t\t\t<\/div>\n\t\t\t\t<\/div>\n\t\t\t\t\t<\/div>\n\t\t\t\t<\/div>\n\t\t<div class=\"elementor-element elementor-element-77a1daf e-con-full e-flex e-con e-parent\" data-id=\"77a1daf\" data-element_type=\"container\" data-settings=\"{&quot;background_background&quot;:&quot;classic&quot;}\">\n\t\t<div class=\"elementor-element elementor-element-6212ad1 e-con-full e-flex e-con e-child\" data-id=\"6212ad1\" data-element_type=\"container\" data-settings=\"{&quot;background_background&quot;:&quot;slideshow&quot;,&quot;background_slideshow_gallery&quot;:[{&quot;id&quot;:710,&quot;url&quot;:&quot;http:\\\/\\\/southpf.es\\\/wp-content\\\/uploads\\\/2024\\\/09\\\/FredVic_Modelo_3D-LEO_Escena3.png&quot;},{&quot;id&quot;:1312,&quot;url&quot;:&quot;http:\\\/\\\/southpf.es\\\/wp-content\\\/uploads\\\/2024\\\/12\\\/pexels-jean-marc-bonnel-387362531-22730367.jpg&quot;},{&quot;id&quot;:1311,&quot;url&quot;:&quot;http:\\\/\\\/southpf.es\\\/wp-content\\\/uploads\\\/2024\\\/12\\\/pexels-pixabay-209251.jpg&quot;},{&quot;id&quot;:1310,&quot;url&quot;:&quot;http:\\\/\\\/southpf.es\\\/wp-content\\\/uploads\\\/2024\\\/12\\\/pexels-raulling-29663479.jpg&quot;},{&quot;id&quot;:1313,&quot;url&quot;:&quot;http:\\\/\\\/southpf.es\\\/wp-content\\\/uploads\\\/2024\\\/12\\\/pexels-felix-haumann-1938529-3735930-scaled.jpg&quot;}],&quot;background_slideshow_loop&quot;:&quot;yes&quot;,&quot;background_slideshow_slide_duration&quot;:5000,&quot;background_slideshow_slide_transition&quot;:&quot;fade&quot;,&quot;background_slideshow_transition_duration&quot;:500}\">\n\t\t\t\t<\/div>\n\t\t<div class=\"elementor-element elementor-element-ff78073 e-con-full e-flex e-con e-child\" data-id=\"ff78073\" data-element_type=\"container\">\n\t\t\t\t<div class=\"elementor-element elementor-element-2dec6c1 elementor-widget-tablet__width-initial elementor-widget elementor-widget-image\" data-id=\"2dec6c1\" data-element_type=\"widget\" data-settings=\"{&quot;motion_fx_motion_fx_scrolling&quot;:&quot;yes&quot;,&quot;motion_fx_translateX_effect&quot;:&quot;yes&quot;,&quot;motion_fx_translateX_affectedRange&quot;:{&quot;unit&quot;:&quot;%&quot;,&quot;size&quot;:&quot;&quot;,&quot;sizes&quot;:{&quot;start&quot;:0,&quot;end&quot;:50}},&quot;motion_fx_translateX_speed&quot;:{&quot;unit&quot;:&quot;px&quot;,&quot;size&quot;:4,&quot;sizes&quot;:[]},&quot;motion_fx_devices&quot;:[&quot;desktop&quot;,&quot;tablet&quot;,&quot;mobile&quot;]}\" data-widget_type=\"image.default\">\n\t\t\t\t<div class=\"elementor-widget-container\">\n\t\t\t\t\t\t\t\t\t\t\t\t\t\t\t<img decoding=\"async\" width=\"143\" height=\"113\" data-src=\"https:\/\/southpf.es\/wp-content\/uploads\/2024\/09\/SVG.png\" class=\"attachment-large size-large wp-image-2543 lazyload\" alt=\"\" src=\"data:image\/svg+xml;base64,PHN2ZyB3aWR0aD0iMSIgaGVpZ2h0PSIxIiB4bWxucz0iaHR0cDovL3d3dy53My5vcmcvMjAwMC9zdmciPjwvc3ZnPg==\" style=\"--smush-placeholder-width: 143px; --smush-placeholder-aspect-ratio: 143\/113;\" \/>\t\t\t\t\t\t\t\t\t\t\t\t\t\t\t<\/div>\n\t\t\t\t<\/div>\n\t\t<div class=\"elementor-element elementor-element-67079c1 e-con-full e-flex e-con e-child\" data-id=\"67079c1\" data-element_type=\"container\">\n\t\t\t\t<div class=\"elementor-element elementor-element-68aad01 animated-slow elementor-invisible elementor-widget elementor-widget-heading\" data-id=\"68aad01\" data-element_type=\"widget\" data-settings=\"{&quot;_animation&quot;:&quot;fadeInRight&quot;}\" data-widget_type=\"heading.default\">\n\t\t\t\t<div class=\"elementor-widget-container\">\n\t\t\t\t\t<h2 class=\"elementor-heading-title elementor-size-default\">Notre vision<\/h2>\t\t\t\t<\/div>\n\t\t\t\t<\/div>\n\t\t\t\t<div class=\"elementor-element elementor-element-aee9e47 animated-slow elementor-invisible elementor-widget elementor-widget-heading\" data-id=\"aee9e47\" data-element_type=\"widget\" data-settings=\"{&quot;_animation&quot;:&quot;fadeInRight&quot;,&quot;_animation_delay&quot;:100}\" data-widget_type=\"heading.default\">\n\t\t\t\t<div class=\"elementor-widget-container\">\n\t\t\t\t\t<h3 class=\"elementor-heading-title elementor-size-default\">Les derni\u00e8res technologies de refroidissement en Andalousie<\/h3>\t\t\t\t<\/div>\n\t\t\t\t<\/div>\n\t\t\t\t<div class=\"elementor-element elementor-element-8a2cee9 elementor-widget__width-initial elementor-widget elementor-widget-text-editor\" data-id=\"8a2cee9\" data-element_type=\"widget\" data-widget_type=\"text-editor.default\">\n\t\t\t\t<div class=\"elementor-widget-container\">\n\t\t\t\t\t\t\t\t\t<p>SPF compl\u00e8te sa gamme de services avec la construction prochaine de sa plateforme logistique pour l&rsquo;entreposage en froid positif et n\u00e9gatif.<\/p><p>Cette plate-forme sera situ\u00e9e \u00e0 Archidona, dans la province de Malaga, dans une enclave strat\u00e9gique sur la route A92, reli\u00e9e aux principales art\u00e8res terrestres et proche du port sec d&rsquo;Antequera.<\/p><p>Ce projet a \u00e9t\u00e9 con\u00e7u dans une optique de durabilit\u00e9, l&rsquo;efficacit\u00e9 \u00e9nerg\u00e9tique \u00e9tant sa principale caract\u00e9ristique.<\/p><p>D&rsquo;ici \u00e0 la mi-2025, SPF apportera les technologies les plus r\u00e9centes au secteur de la logistique \u00e0 temp\u00e9rature contr\u00f4l\u00e9e gr\u00e2ce \u00e0 un syst\u00e8me WMS robuste, \u00e0 l&rsquo;automatisation, \u00e0 la tra\u00e7abilit\u00e9 et \u00e0 des services 24 heures sur 24 et 7 jours sur 7.<\/p>\t\t\t\t\t\t\t\t<\/div>\n\t\t\t\t<\/div>\n\t\t\t\t<\/div>\n\t\t\t\t<div class=\"elementor-element elementor-element-692ba23 elementor-widget-tablet__width-initial elementor-widget elementor-widget-image\" data-id=\"692ba23\" data-element_type=\"widget\" data-settings=\"{&quot;motion_fx_motion_fx_scrolling&quot;:&quot;yes&quot;,&quot;motion_fx_translateX_effect&quot;:&quot;yes&quot;,&quot;motion_fx_translateX_direction&quot;:&quot;negative&quot;,&quot;motion_fx_translateX_affectedRange&quot;:{&quot;unit&quot;:&quot;%&quot;,&quot;size&quot;:&quot;&quot;,&quot;sizes&quot;:{&quot;start&quot;:0,&quot;end&quot;:50}},&quot;motion_fx_translateX_speed&quot;:{&quot;unit&quot;:&quot;px&quot;,&quot;size&quot;:4,&quot;sizes&quot;:[]},&quot;motion_fx_devices&quot;:[&quot;desktop&quot;,&quot;tablet&quot;,&quot;mobile&quot;]}\" data-widget_type=\"image.default\">\n\t\t\t\t<div class=\"elementor-widget-container\">\n\t\t\t\t\t\t\t\t\t\t\t\t\t\t\t<img decoding=\"async\" width=\"142\" height=\"113\" data-src=\"https:\/\/southpf.es\/wp-content\/uploads\/2024\/09\/SVG-1.png\" class=\"attachment-large size-large wp-image-2549 lazyload\" alt=\"\" src=\"data:image\/svg+xml;base64,PHN2ZyB3aWR0aD0iMSIgaGVpZ2h0PSIxIiB4bWxucz0iaHR0cDovL3d3dy53My5vcmcvMjAwMC9zdmciPjwvc3ZnPg==\" style=\"--smush-placeholder-width: 142px; --smush-placeholder-aspect-ratio: 142\/113;\" \/>\t\t\t\t\t\t\t\t\t\t\t\t\t\t\t<\/div>\n\t\t\t\t<\/div>\n\t\t\t\t<\/div>\n\t\t\t\t<\/div>\n\t\t<div class=\"elementor-element elementor-element-e23a57e e-con-full e-flex e-con e-parent\" data-id=\"e23a57e\" data-element_type=\"container\" data-settings=\"{&quot;background_background&quot;:&quot;classic&quot;}\">\n\t\t<div class=\"elementor-element elementor-element-4c554d1 e-con-full e-flex e-con e-child\" data-id=\"4c554d1\" data-element_type=\"container\" data-settings=\"{&quot;background_background&quot;:&quot;classic&quot;}\">\n\t\t\t\t<div class=\"elementor-element elementor-element-0d7a00d elementor-widget elementor-widget-counter\" data-id=\"0d7a00d\" data-element_type=\"widget\" data-widget_type=\"counter.default\">\n\t\t\t\t<div class=\"elementor-widget-container\">\n\t\t\t\t\t\t\t<div class=\"elementor-counter\">\n\t\t\t<div class=\"elementor-counter-title\">Positions froides<\/div>\t\t\t<div class=\"elementor-counter-number-wrapper\">\n\t\t\t\t<span class=\"elementor-counter-number-prefix\">+<\/span>\n\t\t\t\t<span class=\"elementor-counter-number\" data-duration=\"2000\" data-to-value=\"6000\" data-from-value=\"5800\" data-delimiter=\",\">5800<\/span>\n\t\t\t\t<span class=\"elementor-counter-number-suffix\"><\/span>\n\t\t\t<\/div>\n\t\t<\/div>\n\t\t\t\t\t\t<\/div>\n\t\t\t\t<\/div>\n\t\t\t\t<div class=\"elementor-element elementor-element-e8ba432 elementor-widget elementor-widget-counter\" data-id=\"e8ba432\" data-element_type=\"widget\" data-widget_type=\"counter.default\">\n\t\t\t\t<div class=\"elementor-widget-container\">\n\t\t\t\t\t\t\t<div class=\"elementor-counter\">\n\t\t\t<div class=\"elementor-counter-title\">m\u00b2 de surface de plancher<\/div>\t\t\t<div class=\"elementor-counter-number-wrapper\">\n\t\t\t\t<span class=\"elementor-counter-number-prefix\">+<\/span>\n\t\t\t\t<span class=\"elementor-counter-number\" data-duration=\"2000\" data-to-value=\"5500\" data-from-value=\"4800\" data-delimiter=\",\">4800<\/span>\n\t\t\t\t<span class=\"elementor-counter-number-suffix\"><\/span>\n\t\t\t<\/div>\n\t\t<\/div>\n\t\t\t\t\t\t<\/div>\n\t\t\t\t<\/div>\n\t\t\t\t<div class=\"elementor-element elementor-element-4e270f7 elementor-widget elementor-widget-counter\" data-id=\"4e270f7\" data-element_type=\"widget\" data-widget_type=\"counter.default\">\n\t\t\t\t<div class=\"elementor-widget-container\">\n\t\t\t\t\t\t\t<div class=\"elementor-counter\">\n\t\t\t<div class=\"elementor-counter-title\">Capacit\u00e9 en m\u00b3<\/div>\t\t\t<div class=\"elementor-counter-number-wrapper\">\n\t\t\t\t<span class=\"elementor-counter-number-prefix\">+<\/span>\n\t\t\t\t<span class=\"elementor-counter-number\" data-duration=\"2000\" data-to-value=\"33000\" data-from-value=\"32500\" data-delimiter=\",\">32500<\/span>\n\t\t\t\t<span class=\"elementor-counter-number-suffix\"><\/span>\n\t\t\t<\/div>\n\t\t<\/div>\n\t\t\t\t\t\t<\/div>\n\t\t\t\t<\/div>\n\t\t\t\t<\/div>\n\t\t<div class=\"elementor-element elementor-element-8aacbc4 e-con-full e-flex e-con e-child\" data-id=\"8aacbc4\" data-element_type=\"container\">\n\t\t\t\t<div class=\"elementor-element elementor-element-af3746d animated-slow elementor-invisible elementor-widget elementor-widget-heading\" data-id=\"af3746d\" data-element_type=\"widget\" data-settings=\"{&quot;_animation&quot;:&quot;fadeInRight&quot;}\" data-widget_type=\"heading.default\">\n\t\t\t\t<div class=\"elementor-widget-container\">\n\t\t\t\t\t<h2 class=\"elementor-heading-title elementor-size-default\">Le projet<\/h2>\t\t\t\t<\/div>\n\t\t\t\t<\/div>\n\t\t\t\t<div class=\"elementor-element elementor-element-51037ae animated-slow elementor-invisible elementor-widget elementor-widget-heading\" data-id=\"51037ae\" data-element_type=\"widget\" data-settings=\"{&quot;_animation&quot;:&quot;fadeInRight&quot;,&quot;_animation_delay&quot;:100}\" data-widget_type=\"heading.default\">\n\t\t\t\t<div class=\"elementor-widget-container\">\n\t\t\t\t\t<h3 class=\"elementor-heading-title elementor-size-default\">SPF Logistique du froid<\/h3>\t\t\t\t<\/div>\n\t\t\t\t<\/div>\n\t\t\t\t<div class=\"elementor-element elementor-element-728fa71 animated-slow elementor-invisible elementor-widget elementor-widget-text-editor\" data-id=\"728fa71\" data-element_type=\"widget\" data-settings=\"{&quot;_animation&quot;:&quot;fadeInRight&quot;,&quot;_animation_delay&quot;:200}\" data-widget_type=\"text-editor.default\">\n\t\t\t\t<div class=\"elementor-widget-container\">\n\t\t\t\t\t\t\t\t\t<p>Dot\u00e9e d&rsquo;une grande capacit\u00e9, notre plateforme sera soutenue par une \u00e9quipe professionnelle nombreuse et hautement sp\u00e9cialis\u00e9e.<\/p><p>Ses syst\u00e8mes de refroidissement seront bas\u00e9s sur la technologie UBT, ce qui garantira une consommation d&rsquo;\u00e9nergie et un fonctionnement optimaux. En outre, les installations seront aliment\u00e9es par l&rsquo;\u00e9nergie solaire et seront autosuffisantes, ce qui r\u00e9duira l&#8217;empreinte carbone. <\/p>\t\t\t\t\t\t\t\t<\/div>\n\t\t\t\t<\/div>\n\t\t\t\t<\/div>\n\t\t\t\t<\/div>\n\t\t<div class=\"elementor-element elementor-element-31c6967 e-con-full e-flex e-con e-parent\" data-id=\"31c6967\" data-element_type=\"container\" data-settings=\"{&quot;background_background&quot;:&quot;classic&quot;}\">\n\t\t<div class=\"elementor-element elementor-element-814e5d4 e-con-full e-flex e-con e-child\" data-id=\"814e5d4\" data-element_type=\"container\">\n\t\t\t\t<div class=\"elementor-element elementor-element-6cef929 animated-slow elementor-invisible elementor-widget elementor-widget-heading\" data-id=\"6cef929\" data-element_type=\"widget\" data-settings=\"{&quot;_animation&quot;:&quot;fadeInRight&quot;}\" data-widget_type=\"heading.default\">\n\t\t\t\t<div class=\"elementor-widget-container\">\n\t\t\t\t\t<h2 class=\"elementor-heading-title elementor-size-default\">Notre vision<\/h2>\t\t\t\t<\/div>\n\t\t\t\t<\/div>\n\t\t\t\t<div class=\"elementor-element elementor-element-4d73647 animated-slow elementor-invisible elementor-widget elementor-widget-heading\" data-id=\"4d73647\" data-element_type=\"widget\" data-settings=\"{&quot;_animation&quot;:&quot;fadeInRight&quot;,&quot;_animation_delay&quot;:100}\" data-widget_type=\"heading.default\">\n\t\t\t\t<div class=\"elementor-widget-container\">\n\t\t\t\t\t<h3 class=\"elementor-heading-title elementor-size-default\">Au service de l'industrie alimentaire<\/h3>\t\t\t\t<\/div>\n\t\t\t\t<\/div>\n\t\t\t\t<div class=\"elementor-element elementor-element-c23103c animated-slow elementor-invisible elementor-widget elementor-widget-text-editor\" data-id=\"c23103c\" data-element_type=\"widget\" data-settings=\"{&quot;_animation&quot;:&quot;fadeInRight&quot;,&quot;_animation_delay&quot;:200}\" data-widget_type=\"text-editor.default\">\n\t\t\t\t<div class=\"elementor-widget-container\">\n\t\t\t\t\t\t\t\t\t<p>De l&rsquo;industrie de la p\u00eache \u00e0 un large \u00e9ventail de secteurs, notre sp\u00e9cialisation et notre exp\u00e9rience nous permettent de fournir un service de grande valeur aux entreprises alimentaires, aux services de restauration, \u00e0 l&rsquo;agriculture, aux transformateurs de viande, aux exportateurs de fruits, aux boulangeries et \u00e0 bien d&rsquo;autres encore.<\/p>\t\t\t\t\t\t\t\t<\/div>\n\t\t\t\t<\/div>\n\t\t\t\t<\/div>\n\t\t<div class=\"elementor-element elementor-element-11e8d15 e-con-full e-flex e-con e-child\" data-id=\"11e8d15\" data-element_type=\"container\" data-settings=\"{&quot;background_background&quot;:&quot;classic&quot;}\">\n\t\t\t\t<div class=\"elementor-element elementor-element-1082a1a elementor-widget__width-initial elementor-widget elementor-widget-image\" data-id=\"1082a1a\" data-element_type=\"widget\" data-settings=\"{&quot;motion_fx_motion_fx_scrolling&quot;:&quot;yes&quot;,&quot;motion_fx_scale_effect&quot;:&quot;yes&quot;,&quot;motion_fx_scale_direction&quot;:&quot;in-out&quot;,&quot;motion_fx_scale_speed&quot;:{&quot;unit&quot;:&quot;px&quot;,&quot;size&quot;:-5,&quot;sizes&quot;:[]},&quot;motion_fx_scale_range&quot;:{&quot;unit&quot;:&quot;%&quot;,&quot;size&quot;:&quot;&quot;,&quot;sizes&quot;:{&quot;start&quot;:20,&quot;end&quot;:80}},&quot;motion_fx_devices&quot;:[&quot;desktop&quot;,&quot;tablet&quot;,&quot;mobile&quot;]}\" data-widget_type=\"image.default\">\n\t\t\t\t<div class=\"elementor-widget-container\">\n\t\t\t\t\t\t\t\t\t\t\t\t\t\t\t<img fetchpriority=\"high\" decoding=\"async\" width=\"800\" height=\"534\" src=\"https:\/\/southpf.es\/wp-content\/uploads\/2024\/09\/shutterstock_306669278-1024x683.jpg\" class=\"attachment-large size-large wp-image-2532\" alt=\"\" srcset=\"https:\/\/southpf.es\/wp-content\/uploads\/2024\/09\/shutterstock_306669278-1024x683.jpg 1024w, https:\/\/southpf.es\/wp-content\/uploads\/2024\/09\/shutterstock_306669278-300x200.jpg 300w, https:\/\/southpf.es\/wp-content\/uploads\/2024\/09\/shutterstock_306669278-768x512.jpg 768w, https:\/\/southpf.es\/wp-content\/uploads\/2024\/09\/shutterstock_306669278-1536x1024.jpg 1536w, https:\/\/southpf.es\/wp-content\/uploads\/2024\/09\/shutterstock_306669278-2048x1365.jpg 2048w\" sizes=\"(max-width: 800px) 100vw, 800px\" \/>\t\t\t\t\t\t\t\t\t\t\t\t\t\t\t<\/div>\n\t\t\t\t<\/div>\n\t\t\t\t<\/div>\n\t\t\t\t<\/div>\n\t\t\t\t<\/div>\n\t\t","protected":false},"excerpt":{"rendered":"<p>Logistique SPF Ajouter de la valeur \u00e0 la cha\u00eene SPF lance un projet ambitieux dans le secteur de la logistique du froid dans le sud de l&rsquo;Espagne. Notre vision Les derni\u00e8res technologies de refroidissement en Andalousie SPF compl\u00e8te sa gamme de services avec la construction prochaine de sa plateforme logistique pour l&rsquo;entreposage en froid positif [&hellip;]<\/p>\n","protected":false},"author":1,"featured_media":0,"parent":0,"menu_order":3,"comment_status":"closed","ping_status":"closed","template":"","meta":{"footnotes":""},"class_list":["post-3390","page","type-page","status-publish","hentry"],"_links":{"self":[{"href":"https:\/\/southpf.es\/fr\/wp-json\/wp\/v2\/pages\/3390","targetHints":{"allow":["GET"]}}],"collection":[{"href":"https:\/\/southpf.es\/fr\/wp-json\/wp\/v2\/pages"}],"about":[{"href":"https:\/\/southpf.es\/fr\/wp-json\/wp\/v2\/types\/page"}],"author":[{"embeddable":true,"href":"https:\/\/southpf.es\/fr\/wp-json\/wp\/v2\/users\/1"}],"replies":[{"embeddable":true,"href":"https:\/\/southpf.es\/fr\/wp-json\/wp\/v2\/comments?post=3390"}],"version-history":[{"count":1,"href":"https:\/\/southpf.es\/fr\/wp-json\/wp\/v2\/pages\/3390\/revisions"}],"predecessor-version":[{"id":3394,"href":"https:\/\/southpf.es\/fr\/wp-json\/wp\/v2\/pages\/3390\/revisions\/3394"}],"wp:attachment":[{"href":"https:\/\/southpf.es\/fr\/wp-json\/wp\/v2\/media?parent=3390"}],"curies":[{"name":"wp","href":"https:\/\/api.w.org\/{rel}","templated":true}]}}